{"id":2511,"date":"2015-10-09T01:26:38","date_gmt":"2015-10-09T01:26:38","guid":{"rendered":"http:\/\/dbcsolutionschina.com\/en\/?page_id=2511"},"modified":"2022-10-05T14:13:12","modified_gmt":"2022-10-05T14:13:12","slug":"blog","status":"publish","type":"page","link":"http:\/\/dbcsolutionschina.com\/pt\/blog\/","title":{"rendered":"BLOG"},"content":{"rendered":"<div id=\"themify_builder_content-2511\" data-postid=\"2511\" class=\"themify_builder_content themify_builder_content-2511 themify_builder\">\n    \t<!-- module_row -->\n\t<div  class=\"themify_builder_row module_row clearfix module_row_0 themify_builder_2511_row module_row_2511-0 tb_pf5d799\">\n\t    \t    <div class=\"row_inner col_align_top\" >\n\t\t\t<div  class=\"module_column tb-column col4-3  first tb_2511_column module_column_0 module_column_2511-0-0 tb_utak909\">\n\t    \t    \t        <div class=\"tb-column-inner\">\n\t\t    <!-- module text -->\n<div  class=\"module module-text tb_pyot873    \">\n            <div  class=\"tb_text_wrap\">\n    <h2><span style=\"color: #333333;\">Latest Posts<\/span><\/h2>    <\/div>\n<\/div>\n<!-- \/module text -->\n    <!-- module post -->\n    <div  class=\"module module-post tb_8p6p380 \">\n                <div class=\"builder-posts-wrap clearfix loops-wrapper  grid2-thumb\">\n            \n\n<article id=\"post-2474\" class=\"post clearfix cat-10 post-2474 type-post status-publish format-standard has-post-thumbnail hentry category-blog tag-como-importar tag-exportacao tag-faq-importacao tag-how-to-import tag-importacao tag-importando-da-china has-post-title has-post-date has-post-category has-post-tag has-post-comment has-post-author \">\n\t\n\t\n\n\t\t\t\t\t<figure class=\"post-image \">\n\n\t\t\t\n\t\t\t\t\t<a href=\"http:\/\/dbcsolutionschina.com\/pt\/2015\/10\/06\/duvidas-frequentes-sobre-importacao\/\">\n\t\t\t\t\t\t\t\t<img loading=\"lazy\" decoding=\"async\" width=\"318\" height=\"159\" src=\"http:\/\/dbcsolutionschina.com\/pt\/wp-content\/uploads\/2015\/10\/historia.jpg\" class=\" wp-post-image wp-image-2475\" title=\"historia\" alt=\"historia\" srcset=\"http:\/\/dbcsolutionschina.com\/pt\/wp-content\/uploads\/2015\/10\/historia.jpg 318w, http:\/\/dbcsolutionschina.com\/pt\/wp-content\/uploads\/2015\/10\/historia-300x150.jpg 300w\" sizes=\"auto, (max-width: 318px) 100vw, 318px\" \/>\t\t\t<\/a>\n\t\t\n\t\t<\/figure>\n\t\t\t\n\n\t<div class=\"post-content\">\n\n\t\t\t\t\t <h2 class=\"post-title entry-title\"><a href=\"http:\/\/dbcsolutionschina.com\/pt\/2015\/10\/06\/duvidas-frequentes-sobre-importacao\/\">Frequent Asked Questions<\/a> <\/h2>\t\t\n\t\t\n\t\t\t\t\t<time datetime=\"2015-10-06\" class=\"post-date entry-date updated\">outubro 6, 2015<\/time>\n\t\t\n\t\t\n\t\t<div class=\"entry-content\">\n\n\t\t\n\t\t\t<p>1 &#8211; O que preciso para importar com a DBC SOLUTIONS? O primeiro passo \u00e9 ter um radar para importa\u00e7\u00e3o. O radar \u00e9 um cadastro junto \u00e0 receita federal que permite uma empresa fazer importa\u00e7\u00e3o. Para isso \u00e9 necess\u00e1rio que o CNPJ da empresa esteja regularizado. 2 \u2013 Como tirar um radar de importa\u00e7\u00e3o? A [&hellip;]<\/p>\n\n\t\t\t\n\t\t\n\t\t<\/div><!-- \/.entry-content -->\n\n\t\t\n\t<\/div>\n\t<!-- \/.post-content -->\n\t\n\t<\/article>\n\n<!-- \/.post -->\n        <\/div><!-- .builder-posts-wrap -->\n                                        <\/div>\n    <!-- \/module post -->\n\n\t        <\/div>\n\t    \t<\/div>\n\t\t<div  class=\"module_column tb-column col4-1  last tb_2511_column module_column_1 module_column_2511-0-1 tb_5vsq900\">\n\t    \t    \t        <div class=\"tb-column-inner\">\n\t\t    <!-- module widget -->\n<div  class=\"module module-widget tb_gbxz090   \">\n\t<div class=\"widget feature-posts\"><ul class=\"feature-posts-list\"><li><a href=\"http:\/\/dbcsolutionschina.com\/pt\/2015\/10\/06\/duvidas-frequentes-sobre-importacao\/\" class=\"feature-posts-title\">Frequent Asked Questions<\/a> <br \/><\/li><\/ul><\/div><\/div><!-- \/module widget -->\t        <\/div>\n\t    \t<\/div>\n\t\t    <\/div>\n\t    <!-- \/row_inner -->\n\t<\/div>\n\t<!-- \/module_row -->\n\t<\/div>\n\n\n","protected":false},"excerpt":{"rendered":"<p>Latest Posts Frequent Asked Questions<\/p>\n","protected":false},"author":1,"featured_media":0,"parent":0,"menu_order":0,"comment_status":"closed","ping_status":"closed","template":"","meta":{"footnotes":""},"class_list":["post-2511","page","type-page","status-publish","hentry","has-post-title","has-post-date","has-post-category","has-post-tag","has-post-comment","has-post-author",""],"builder_content":"<h2>Latest Posts<\/h2>\n\n<ul><li><a href=\"http:\/\/dbcsolutionschina.com\/pt\/2015\/10\/06\/duvidas-frequentes-sobre-importacao\/\">Frequent Asked Questions<\/a> <br \/><\/li><\/ul>","_links":{"self":[{"href":"http:\/\/dbcsolutionschina.com\/pt\/wp-json\/wp\/v2\/pages\/2511","targetHints":{"allow":["GET"]}}],"collection":[{"href":"http:\/\/dbcsolutionschina.com\/pt\/wp-json\/wp\/v2\/pages"}],"about":[{"href":"http:\/\/dbcsolutionschina.com\/pt\/wp-json\/wp\/v2\/types\/page"}],"author":[{"embeddable":true,"href":"http:\/\/dbcsolutionschina.com\/pt\/wp-json\/wp\/v2\/users\/1"}],"replies":[{"embeddable":true,"href":"http:\/\/dbcsolutionschina.com\/pt\/wp-json\/wp\/v2\/comments?post=2511"}],"version-history":[{"count":1,"href":"http:\/\/dbcsolutionschina.com\/pt\/wp-json\/wp\/v2\/pages\/2511\/revisions"}],"predecessor-version":[{"id":2512,"href":"http:\/\/dbcsolutionschina.com\/pt\/wp-json\/wp\/v2\/pages\/2511\/revisions\/2512"}],"wp:attachment":[{"href":"http:\/\/dbcsolutionschina.com\/pt\/wp-json\/wp\/v2\/media?parent=2511"}],"curies":[{"name":"wp","href":"https:\/\/api.w.org\/{rel}","templated":true}]}}