{"id":2359,"date":"2015-09-30T22:32:53","date_gmt":"2015-09-30T22:32:53","guid":{"rendered":"http:\/\/dbcsolutionschina.com\/en\/?page_id=2359"},"modified":"2022-11-08T22:30:51","modified_gmt":"2022-11-08T22:30:51","slug":"nossos-enderecos","status":"publish","type":"page","link":"https:\/\/dbcsolutionschina.com\/pt\/home\/nossos-enderecos\/","title":{"rendered":"NOSSOS ENDERE\u00c7OS"},"content":{"rendered":"<div id=\"themify_builder_content-2359\" data-postid=\"2359\" class=\"themify_builder_content themify_builder_content-2359 themify_builder\">\n    \t<!-- module_row -->\n\t<div   class=\"themify_builder_row module_row clearfix module_row_0 themify_builder_2359_row module_row_2359-0 tb_r53n217\">\n\t    \t    <div class=\"row_inner col_align_top\" >\n\t\t\t<div  class=\"module_column tb-column col-full first tb_2359_column module_column_0 module_column_2359-0-0 tb_xokg801\">\n\t    \t    \t        <div class=\"tb-column-inner\">\n\t\t    <!-- module text -->\n<div  class=\"module module-text tb_0aby900    \">\n            <div  class=\"tb_text_wrap\">\n    <h2><span style=\"color: #808080;\">NOSSOS ENDERE\u00c7OS<\/span><\/h2>    <\/div>\n<\/div>\n<!-- \/module text -->\n\t        <\/div>\n\t    \t<\/div>\n\t\t    <\/div>\n\t    <!-- \/row_inner -->\n\t<\/div>\n\t<!-- \/module_row -->\n\t\t<!-- module_row -->\n\t<div   class=\"themify_builder_row module_row clearfix module_row_1 themify_builder_2359_row module_row_2359-1 tb_hyze988\">\n\t    \t    <div class=\"row_inner col_align_top\" >\n\t\t\t<div  class=\"module_column tb-column col3-1 first tb_2359_column module_column_0 module_column_2359-1-0 tb_gs8f310\">\n\t    \t    \t        <div class=\"tb-column-inner\">\n\t\t        <!-- module image -->\n    <div  class=\"module module-image tb_h7q5808 rounded image-overlay  \">\n\t                <div class=\"image-wrap\">\n                            <img loading=\"lazy\" decoding=\"async\" src=\"http:\/\/dbcsolutionschina.com\/en\/wp-content\/uploads\/2015\/10\/endereco-anqing-690551.png\" width=\"300\" height=\"200\" title=\"NOSSOS ENDERE\u00c7OS\" alt=\"ANQING \u2013 SEDE PR\u00d3PRIA\" \/>            \n            \n                    <div class=\"image-content\">\n                \n\t\t                    <div class=\"image-caption tb_text_wrap\">\n                        ANQING \u2013 SEDE PR\u00d3PRIA                <\/div>\n                <!-- \/image-caption -->\n                            <\/div>\n            <!-- \/image-content -->\n        \n            <\/div>\n        <!-- \/image-wrap -->\n        <\/div>\n    <!-- \/module image -->\n    <!-- module map -->\n    <div  class=\"module module-map tb_mm0w100  \">\n\t                                <div\n\t\tdata-map-provider=\"google\"\n\t\tdata-address=\"Yingjiang, Anqing, Anhui China 30.519804, 117.101189\"\n\t\tdata-zoom=\"8\"\n\t\tdata-type=\"ROADMAP\"\n\t\tdata-scroll=\"1\"\n\t\tdata-drag=\"1\"\n\t\tdata-control=\"1\"\n\t\tclass=\"themify_map map-container\"\n\t\tstyle=\"width:100px;height:250px;\"\n\t\tdata-info-window=\"Anhui Province, Anqing City, YingJiang District, WanJiang Road,Zifeng Building A Towel 7F Room 720\n\"\n\t\tdata-reverse-geocoding=\"\">\n\t    <\/div>\n        \t\n    <\/div>\n    <!-- \/module map -->\n\t        <\/div>\n\t    \t<\/div>\n\t\t<div  class=\"module_column tb-column col3-1 middle tb_2359_column module_column_1 module_column_2359-1-1 tb_f2jp833\">\n\t    \t    \t        <div class=\"tb-column-inner\">\n\t\t        <!-- module image -->\n    <div  class=\"module module-image tb_dxvr001 rounded image-overlay  \">\n\t                <div class=\"image-wrap\">\n                            <img loading=\"lazy\" decoding=\"async\" src=\"http:\/\/dbcsolutionschina.com\/en\/wp-content\/uploads\/2015\/10\/enderecos-SHENZHEN.jpg\" width=\"300\" height=\"200\" title=\"NOSSOS ENDERE\u00c7OS\" alt=\"SHENZHEN\" \/>            \n            \n                    <div class=\"image-content\">\n                \n\t\t                    <div class=\"image-caption tb_text_wrap\">\n                        SHENZHEN                <\/div>\n                <!-- \/image-caption -->\n                            <\/div>\n            <!-- \/image-content -->\n        \n            <\/div>\n        <!-- \/image-wrap -->\n        <\/div>\n    <!-- \/module image -->\n    <!-- module map -->\n    <div  class=\"module module-map tb_4qh3331  \">\n\t                                <div\n\t\tdata-map-provider=\"google\"\n\t\tdata-address=\"Guangdong Province, Shenzhen City, Longgang District Wu He Da Dao, SijihuaCheng 6F\"\n\t\tdata-zoom=\"8\"\n\t\tdata-type=\"ROADMAP\"\n\t\tdata-scroll=\"1\"\n\t\tdata-drag=\"1\"\n\t\tdata-control=\"1\"\n\t\tclass=\"themify_map map-container\"\n\t\tstyle=\"width:100%;height:250px;\"\n\t\tdata-info-window=\"Guangdong Province, Shenzhen City, Longgang District Wu He Da Dao, SijihuaCheng 6F, Room604\"\n\t\tdata-reverse-geocoding=\"\">\n\t    <\/div>\n        \t\n    <\/div>\n    <!-- \/module map -->\n\t        <\/div>\n\t    \t<\/div>\n\t\t<div  class=\"module_column tb-column col3-1 last tb_2359_column module_column_2 module_column_2359-1-2 tb_wdzx130\">\n\t    \t    \t        <div class=\"tb-column-inner\">\n\t\t        <!-- module image -->\n    <div  class=\"module module-image tb_3588013 rounded image-overlay  \">\n\t                <div class=\"image-wrap\">\n                            <img loading=\"lazy\" decoding=\"async\" src=\"http:\/\/dbcsolutionschina.com\/en\/wp-content\/uploads\/2015\/10\/endereco-Hong-Kong.png\" width=\"300\" height=\"200\" title=\"NOSSOS ENDERE\u00c7OS\" alt=\"HONG KONG\" \/>            \n            \n                    <div class=\"image-content\">\n                \n\t\t                    <div class=\"image-caption tb_text_wrap\">\n                        HONG KONG                <\/div>\n                <!-- \/image-caption -->\n                            <\/div>\n            <!-- \/image-content -->\n        \n            <\/div>\n        <!-- \/image-wrap -->\n        <\/div>\n    <!-- \/module image -->\n    <!-- module map -->\n    <div  class=\"module module-map tb_5xum181  \">\n\t                                <div\n\t\tdata-map-provider=\"google\"\n\t\tdata-address=\"Wanchai, Hennessy Road 302-308 C.C. Wu Building, 26F\"\n\t\tdata-zoom=\"8\"\n\t\tdata-type=\"ROADMAP\"\n\t\tdata-scroll=\"1\"\n\t\tdata-drag=\"1\"\n\t\tdata-control=\"1\"\n\t\tclass=\"themify_map map-container\"\n\t\tstyle=\"width:100%;height:250px;\"\n\t\tdata-info-window=\"Wanchai, Hennessy Road 302-308 C.C. Wu Building, 26F, Room2606 \"\n\t\tdata-reverse-geocoding=\"\">\n\t    <\/div>\n        \t\n    <\/div>\n    <!-- \/module map -->\n\t        <\/div>\n\t    \t<\/div>\n\t\t    <\/div>\n\t    <!-- \/row_inner -->\n\t<\/div>\n\t<!-- \/module_row -->\n\t\t<!-- module_row -->\n\t<div   class=\"themify_builder_row module_row clearfix module_row_2 themify_builder_2359_row module_row_2359-2 tb_t58x092\">\n\t    \t    <div class=\"row_inner col_align_top\" >\n\t\t\t<div  class=\"module_column tb-column col3-1 first tb_2359_column module_column_0 module_column_2359-2-0 tb_o7n1877\">\n\t    \t    \t        <div class=\"tb-column-inner\">\n\t\t    <!-- module text -->\n<div  class=\"module module-text tb_exyc239    \">\n            <div  class=\"tb_text_wrap\">\n    <p>No cora\u00e7\u00e3o da China \u00e9 onde acontece todo o processo de desenvolvimento da sua importa\u00e7\u00e3o, contato com fornecedores e fechamento dos pedidos.<br \/><br \/><\/p>    <\/div>\n<\/div>\n<!-- \/module text -->\n\t        <\/div>\n\t    \t<\/div>\n\t\t<div  class=\"module_column tb-column col3-1 middle tb_2359_column module_column_1 module_column_2359-2-1 tb_49b7391\">\n\t    \t    \t        <div class=\"tb-column-inner\">\n\t\t    <!-- module text -->\n<div  class=\"module module-text tb_qrtz003    \">\n            <div  class=\"tb_text_wrap\">\n    <p>Estrategicamente localizado para o suporte aos clientes, feiras, servi\u00e7os e log\u00edstica.<\/p>    <\/div>\n<\/div>\n<!-- \/module text -->\n\t        <\/div>\n\t    \t<\/div>\n\t\t<div  class=\"module_column tb-column col3-1 last tb_2359_column module_column_2 module_column_2359-2-2 tb_nxwo805\">\n\t    \t    \t        <div class=\"tb-column-inner\">\n\t\t    <!-- module text -->\n<div  class=\"module module-text tb_71v1313    \">\n            <div  class=\"tb_text_wrap\">\n    <p>Atualmente escrit\u00f3rio administrativo<\/p>    <\/div>\n<\/div>\n<!-- \/module text -->\n\t        <\/div>\n\t    \t<\/div>\n\t\t    <\/div>\n\t    <!-- \/row_inner -->\n\t<\/div>\n\t<!-- \/module_row -->\n\t\t<!-- module_row -->\n\t<div  class=\"themify_builder_row module_row clearfix module_row_3 themify_builder_2359_row module_row_2359-3 tb_kiry903\">\n\t    \t    <div class=\"row_inner col_align_top\" >\n\t\t\t<div  class=\"module_column tb-column col3-1 first tb_2359_column module_column_0 module_column_2359-3-0 tb_8d0w001\">\n\t    \t    \t        <div class=\"tb-column-inner\">\n\t\t    <!-- module text -->\n<div  class=\"module module-text tb_p6pz339    \">\n            <div  class=\"tb_text_wrap\">\n    <p>Address: Anhui Province, Anqing City, YingJiang District, WanJiang Road,Zifeng Building A Towel 7F Room 720<\/p><p>Telefone: + 86 183 5565 8175<\/p>    <\/div>\n<\/div>\n<!-- \/module text -->\n\t        <\/div>\n\t    \t<\/div>\n\t\t<div  class=\"module_column tb-column col3-1 middle tb_2359_column module_column_1 module_column_2359-3-1 tb_j16n995\">\n\t    \t    \t        <div class=\"tb-column-inner\">\n\t\t    <!-- module text -->\n<div  class=\"module module-text tb_vtd4778    \">\n            <div  class=\"tb_text_wrap\">\n    <p>Address: Guangdong Province, Shenzhen City, Longgang District Wu He Da Dao, SijihuaCheng 6F, Room604<\/p>    <\/div>\n<\/div>\n<!-- \/module text -->\n\t        <\/div>\n\t    \t<\/div>\n\t\t<div  class=\"module_column tb-column col3-1 last tb_2359_column module_column_2 module_column_2359-3-2 tb_6v6f991\">\n\t    \t    \t        <div class=\"tb-column-inner\">\n\t\t    <!-- module text -->\n<div  class=\"module module-text tb_4743810    \">\n            <div  class=\"tb_text_wrap\">\n    <p>Address: Wanchai, Hennessy Road 302-308 C.C. Wu Building, 26F, Room2606<\/p>    <\/div>\n<\/div>\n<!-- \/module text -->\n\t        <\/div>\n\t    \t<\/div>\n\t\t    <\/div>\n\t    <!-- \/row_inner -->\n\t<\/div>\n\t<!-- \/module_row -->\n\t\t<!-- module_row -->\n\t<div  class=\"themify_builder_row module_row clearfix module_row_4 themify_builder_2359_row module_row_2359-4 tb_z44f130\">\n\t    \t    <div class=\"row_inner col_align_top\" >\n\t\t\t<div  class=\"module_column tb-column col-full first tb_2359_column module_column_0 module_column_2359-4-0 tb_g5xq855\">\n\t    \t    \t        <div class=\"tb-column-inner\">\n\t\t    <!-- module text -->\n<div  class=\"module module-text tb_lwtk318    \">\n            <div  class=\"tb_text_wrap\">\n    <p>Para mais informa\u00e7\u00f5es sobre os projetos e servi\u00e7os oferecidos pela DBC SOLUTIONS favor entrar em contato:<br \/>E-mail :\u00a0<span style=\"color: #333399;\"><a class=\"linkified\" style=\"color: #333399!important;\" href=\"mailto:contato@dbcsolutionschina.com\" target=\"[object Object]\" rel=\"nofollow\">contato@dbcsolutionschina.com<\/a><\/span>\u00a0\/ WhatsApp : +86 183 5565 8175<\/p>    <\/div>\n<\/div>\n<!-- \/module text -->\n\t        <\/div>\n\t    \t<\/div>\n\t\t    <\/div>\n\t    <!-- \/row_inner -->\n\t<\/div>\n\t<!-- \/module_row -->\n\t<\/div>\n\n","protected":false},"excerpt":{"rendered":"<p>NOSSOS ENDERE\u00c7OS<\/p>\n","protected":false},"author":1,"featured_media":0,"parent":2,"menu_order":0,"comment_status":"closed","ping_status":"closed","template":"","meta":{"footnotes":""},"class_list":["post-2359","page","type-page","status-publish","hentry","has-post-title","has-post-date","has-post-category","has-post-tag","has-post-comment","has-post-author",""],"builder_content":"<h2>NOSSOS ENDERE\u00c7OS<\/h2>\n<img loading=\"lazy\" decoding=\"async\" src=\"http:\/\/dbcsolutionschina.com\/en\/wp-content\/uploads\/2015\/10\/endereco-anqing-690551.png\" width=\"300\" height=\"200\" title=\"NOSSOS ENDERE\u00c7OS\" alt=\"ANQING \u2013 SEDE PR\u00d3PRIA\" \/> ANQING \u2013 SEDE PR\u00d3PRIA\n<h3><\/h3><iframe frameborder=\"0\" scrolling=\"no\" marginheight=\"0\" marginwidth=\"0\" src=\"https:\/\/maps.google.com\/maps?q=Yingjiang%2C+Anqing%2C+Anhui+China+30.519804%2C+117.101189&amp;t=m&amp;z=8&amp;output=embed&amp;iwloc=near\"><\/iframe>\n<img loading=\"lazy\" decoding=\"async\" src=\"http:\/\/dbcsolutionschina.com\/en\/wp-content\/uploads\/2015\/10\/enderecos-SHENZHEN.jpg\" width=\"300\" height=\"200\" title=\"NOSSOS ENDERE\u00c7OS\" alt=\"SHENZHEN\" \/> SHENZHEN\n<h3><\/h3><iframe frameborder=\"0\" scrolling=\"no\" marginheight=\"0\" marginwidth=\"0\" src=\"https:\/\/maps.google.com\/maps?q=Guangdong+Province%2C+Shenzhen+City%2C+Longgang+District+Wu+He+Da+Dao%2C+SijihuaCheng+6F&amp;t=m&amp;z=8&amp;output=embed&amp;iwloc=near\"><\/iframe>\n<img loading=\"lazy\" decoding=\"async\" src=\"http:\/\/dbcsolutionschina.com\/en\/wp-content\/uploads\/2015\/10\/endereco-Hong-Kong.png\" width=\"300\" height=\"200\" title=\"NOSSOS ENDERE\u00c7OS\" alt=\"HONG KONG\" \/> HONG KONG\n<h3><\/h3><iframe frameborder=\"0\" scrolling=\"no\" marginheight=\"0\" marginwidth=\"0\" src=\"https:\/\/maps.google.com\/maps?q=Wanchai%2C+Hennessy+Road+302-308+C.C.+Wu+Building%2C+26F&amp;t=m&amp;z=8&amp;output=embed&amp;iwloc=near\"><\/iframe>\n<p>No cora\u00e7\u00e3o da China \u00e9 onde acontece todo o processo de desenvolvimento da sua importa\u00e7\u00e3o, contato com fornecedores e fechamento dos pedidos.<br \/><br \/><\/p>\n<p>Estrategicamente localizado para o suporte aos clientes, feiras, servi\u00e7os e log\u00edstica.<\/p>\n<p>Atualmente escrit\u00f3rio administrativo<\/p>\n<p>Address: Anhui Province, Anqing City, YingJiang District, WanJiang Road,Zifeng Building A Towel 7F Room 720<\/p><p>Telefone: + 86 183 5565 8175<\/p>\n<p>Address: Guangdong Province, Shenzhen City, Longgang District Wu He Da Dao, SijihuaCheng 6F, Room604<\/p>\n<p>Address: Wanchai, Hennessy Road 302-308 C.C. Wu Building, 26F, Room2606<\/p>\n<p>Para mais informa\u00e7\u00f5es sobre os projetos e servi\u00e7os oferecidos pela DBC SOLUTIONS favor entrar em contato:<br \/>E-mail :\u00a0<a style=\"color: #333399!important;\" href=\"mailto:contato@dbcsolutionschina.com\" target=\"[object Object]\" rel=\"nofollow\">contato@dbcsolutionschina.com<\/a>\u00a0\/ WhatsApp : +86 183 5565 8175<\/p>","_links":{"self":[{"href":"https:\/\/dbcsolutionschina.com\/pt\/wp-json\/wp\/v2\/pages\/2359","targetHints":{"allow":["GET"]}}],"collection":[{"href":"https:\/\/dbcsolutionschina.com\/pt\/wp-json\/wp\/v2\/pages"}],"about":[{"href":"https:\/\/dbcsolutionschina.com\/pt\/wp-json\/wp\/v2\/types\/page"}],"author":[{"embeddable":true,"href":"https:\/\/dbcsolutionschina.com\/pt\/wp-json\/wp\/v2\/users\/1"}],"replies":[{"embeddable":true,"href":"https:\/\/dbcsolutionschina.com\/pt\/wp-json\/wp\/v2\/comments?post=2359"}],"version-history":[{"count":26,"href":"https:\/\/dbcsolutionschina.com\/pt\/wp-json\/wp\/v2\/pages\/2359\/revisions"}],"predecessor-version":[{"id":2800,"href":"https:\/\/dbcsolutionschina.com\/pt\/wp-json\/wp\/v2\/pages\/2359\/revisions\/2800"}],"up":[{"embeddable":true,"href":"https:\/\/dbcsolutionschina.com\/pt\/wp-json\/wp\/v2\/pages\/2"}],"wp:attachment":[{"href":"https:\/\/dbcsolutionschina.com\/pt\/wp-json\/wp\/v2\/media?parent=2359"}],"curies":[{"name":"wp","href":"https:\/\/api.w.org\/{rel}","templated":true}]}}