{"id":2393,"date":"2015-10-03T13:44:04","date_gmt":"2015-10-03T13:44:04","guid":{"rendered":"http:\/\/dbcsolutionschina.com\/en\/?page_id=2393"},"modified":"2022-11-08T22:27:13","modified_gmt":"2022-11-08T22:27:13","slug":"a-empresa","status":"publish","type":"page","link":"https:\/\/dbcsolutionschina.com\/pt\/home\/empresa\/a-empresa\/","title":{"rendered":"A EMPRESA"},"content":{"rendered":"\n\n<div id=\"themify_builder_content-2393\" data-postid=\"2393\" class=\"themify_builder_content themify_builder_content-2393 themify_builder\">\n    \t<!-- module_row -->\n\t<div  class=\"themify_builder_row module_row clearfix module_row_0 themify_builder_2393_row module_row_2393-0 tb_nx1o900\">\n\t    \t    <div class=\"row_inner col_align_top\" >\n\t\t\t<div  class=\"module_column tb-column col4-3 first tb_2393_column module_column_0 module_column_2393-0-0 tb_ltoi640\">\n\t    \t    \t        <div class=\"tb-column-inner\">\n\t\t    <!-- module text -->\n<div  class=\"module module-text tb_0evd260    \">\n            <div  class=\"tb_text_wrap\">\n    <h2><span style=\"color: #808080;\">A EMPRESA<\/span><\/h2><p>A <strong>DBC SOLUTIONS<\/strong>\u00a0\u00e9 uma empresa especializada em desenvolvimento de<br \/>projetos de importac\u00e3o e exportac\u00e3o. Iniciou suas atividades em 2007 e foi<br \/>estimulada devido a necessidade de uma\u00a0conex\u00e3o entre Brasil e China.<\/p><p>Devido a grande diferen\u00e7a existente entre os dois\u00a0pa\u00edses\u00a0na quest\u00e3o cultural, e as<br \/>dificuldades encontradas na\u00a0l\u00edngua\u00a0e\u00a0log\u00edstica, a DBC SOLUTIONS atua<br \/>exatamente para facilitar a quebra dessa barreira.<br \/>\u00a0<br \/>\u00a0Com experi\u00eancia e especializada no mercado asi\u00e1tico, a DBC SOLUTIONS e a<br \/>\u00fanica empresa de brasileiros com\u00a0escrit\u00f3rio\u00a0pr\u00f3prio\u00a0no pais, trazendo assim<br \/>mais\u00a0seguran\u00e7a\u00a0e confiabilidade para o cliente em seus neg\u00f3cios.<br \/>\u00a0<br \/>\u00a0\u00a0\u00a0\u00a0 Consulte-nos e disponha de todas as vantagens de uma empresa profissional<br \/>cuidando de seus neg\u00f3cios na China!<\/p><p>Para mais informa\u00e7\u00f5es sobre os projetos e servi\u00e7os oferecidos pela DBC SOLUTIONS favor entrar em contato:<br \/>E-mail :\u00a0<span style=\"color: #333399;\"><a class=\"linkified\" style=\"color: #333399!important;\" href=\"mailto:contato@dbcsolutionschina.com\" target=\"[object Object]\" rel=\"nofollow\">contato@dbcsolutionschina.com<\/a><\/span>\u00a0\/ WhatsApp : +86 183 5565 8175<\/p>    <\/div>\n<\/div>\n<!-- \/module text -->\n\t        <\/div>\n\t    \t<\/div>\n\t\t<div  class=\"module_column tb-column col4-1 last tb_2393_column module_column_1 module_column_2393-0-1 tb_6rba046\">\n\t    \t    \t<\/div>\n\t\t    <\/div>\n\t    <!-- \/row_inner -->\n\t<\/div>\n\t<!-- \/module_row -->\n\t<\/div>\n\n","protected":false},"excerpt":{"rendered":"<p>A EMPRESA A DBC SOLUTIONS\u00a0\u00e9 uma empresa especializada em desenvolvimento deprojetos de importac\u00e3o e exportac\u00e3o. Iniciou suas atividades em 2007 e foiestimulada devido a necessidade de uma\u00a0conex\u00e3o entre Brasil e China. Devido a grande diferen\u00e7a existente entre os dois\u00a0pa\u00edses\u00a0na quest\u00e3o cultural, e asdificuldades encontradas na\u00a0l\u00edngua\u00a0e\u00a0log\u00edstica, a DBC SOLUTIONS atuaexatamente para facilitar a quebra dessa barreira.\u00a0\u00a0Com [&hellip;]<\/p>\n","protected":false},"author":1,"featured_media":0,"parent":2349,"menu_order":0,"comment_status":"closed","ping_status":"closed","template":"","meta":{"footnotes":""},"class_list":["post-2393","page","type-page","status-publish","hentry","has-post-title","has-post-date","has-post-category","has-post-tag","has-post-comment","has-post-author",""],"builder_content":"<h2>A EMPRESA<\/h2><p>A <strong>DBC SOLUTIONS<\/strong>\u00a0\u00e9 uma empresa especializada em desenvolvimento de<br \/>projetos de importac\u00e3o e exportac\u00e3o. Iniciou suas atividades em 2007 e foi<br \/>estimulada devido a necessidade de uma\u00a0conex\u00e3o entre Brasil e China.<\/p><p>Devido a grande diferen\u00e7a existente entre os dois\u00a0pa\u00edses\u00a0na quest\u00e3o cultural, e as<br \/>dificuldades encontradas na\u00a0l\u00edngua\u00a0e\u00a0log\u00edstica, a DBC SOLUTIONS atua<br \/>exatamente para facilitar a quebra dessa barreira.<br \/>\u00a0<br \/>\u00a0Com experi\u00eancia e especializada no mercado asi\u00e1tico, a DBC SOLUTIONS e a<br \/>\u00fanica empresa de brasileiros com\u00a0escrit\u00f3rio\u00a0pr\u00f3prio\u00a0no pais, trazendo assim<br \/>mais\u00a0seguran\u00e7a\u00a0e confiabilidade para o cliente em seus neg\u00f3cios.<br \/>\u00a0<br \/>\u00a0\u00a0\u00a0\u00a0 Consulte-nos e disponha de todas as vantagens de uma empresa profissional<br \/>cuidando de seus neg\u00f3cios na China!<\/p><p>Para mais informa\u00e7\u00f5es sobre os projetos e servi\u00e7os oferecidos pela DBC SOLUTIONS favor entrar em contato:<br \/>E-mail :\u00a0<a style=\"color: #333399!important;\" href=\"mailto:contato@dbcsolutionschina.com\" target=\"[object Object]\" rel=\"nofollow\">contato@dbcsolutionschina.com<\/a>\u00a0\/ WhatsApp : +86 183 5565 8175<\/p>","_links":{"self":[{"href":"https:\/\/dbcsolutionschina.com\/pt\/wp-json\/wp\/v2\/pages\/2393","targetHints":{"allow":["GET"]}}],"collection":[{"href":"https:\/\/dbcsolutionschina.com\/pt\/wp-json\/wp\/v2\/pages"}],"about":[{"href":"https:\/\/dbcsolutionschina.com\/pt\/wp-json\/wp\/v2\/types\/page"}],"author":[{"embeddable":true,"href":"https:\/\/dbcsolutionschina.com\/pt\/wp-json\/wp\/v2\/users\/1"}],"replies":[{"embeddable":true,"href":"https:\/\/dbcsolutionschina.com\/pt\/wp-json\/wp\/v2\/comments?post=2393"}],"version-history":[{"count":9,"href":"https:\/\/dbcsolutionschina.com\/pt\/wp-json\/wp\/v2\/pages\/2393\/revisions"}],"predecessor-version":[{"id":2789,"href":"https:\/\/dbcsolutionschina.com\/pt\/wp-json\/wp\/v2\/pages\/2393\/revisions\/2789"}],"up":[{"embeddable":true,"href":"https:\/\/dbcsolutionschina.com\/pt\/wp-json\/wp\/v2\/pages\/2349"}],"wp:attachment":[{"href":"https:\/\/dbcsolutionschina.com\/pt\/wp-json\/wp\/v2\/media?parent=2393"}],"curies":[{"name":"wp","href":"https:\/\/api.w.org\/{rel}","templated":true}]}}