{"id":2395,"date":"2015-10-03T13:44:48","date_gmt":"2015-10-03T13:44:48","guid":{"rendered":"http:\/\/dbcsolutionschina.com\/en\/?page_id=2395"},"modified":"2022-11-08T22:27:52","modified_gmt":"2022-11-08T22:27:52","slug":"nossa-historia","status":"publish","type":"page","link":"https:\/\/dbcsolutionschina.com\/pt\/home\/empresa\/nossa-historia\/","title":{"rendered":"NOSSA HIST\u00d3RIA"},"content":{"rendered":"\n\n<div id=\"themify_builder_content-2395\" data-postid=\"2395\" class=\"themify_builder_content themify_builder_content-2395 themify_builder\">\n    \t<!-- module_row -->\n\t<div  class=\"themify_builder_row module_row clearfix module_row_0 themify_builder_2395_row module_row_2395-0 tb_gwnr242\">\n\t    \t    <div class=\"row_inner col_align_top\" >\n\t\t\t<div  class=\"module_column tb-column col-full first tb_2395_column module_column_0 module_column_2395-0-0 tb_p7da070\">\n\t    \t    \t        <div class=\"tb-column-inner\">\n\t\t    <!-- module text -->\n<div  class=\"module module-text tb_bwg6666    \">\n            <div  class=\"tb_text_wrap\">\n    <h2><span style=\"color: #808080;\">NOSSA HIST\u00d3RIA<\/span><\/h2><p style=\"text-align: justify;\">Com in\u00edcio de suas atividades na China em 2007, temos orgulho de ser pioneiros nesse mercado e ajudar diversas empresas a dar seu primeiro passo em suas nas negocia\u00e7\u00f5es, e algumas a ampliar seus neg\u00f3cios na China, na qual muitas est\u00e3o juntas at\u00e9 hoje com a DBC SOLUTIONS acompanhando e somando ao crescimento das empresas<\/p>    <\/div>\n<\/div>\n<!-- \/module text -->\n\t        <\/div>\n\t    \t<\/div>\n\t\t    <\/div>\n\t    <!-- \/row_inner -->\n\t<\/div>\n\t<!-- \/module_row -->\n\t\t<!-- module_row -->\n\t<div   class=\"themify_builder_row module_row clearfix module_row_1 themify_builder_2395_row module_row_2395-1 tb_yrnn502\">\n\t    \t    <div class=\"row_inner col_align_top\" >\n\t\t\t<div  class=\"module_column tb-column col4-1 first tb_2395_column module_column_0 module_column_2395-1-0 tb_ntdm005\">\n\t    \t    \t        <div class=\"tb-column-inner\">\n\t\t        <!-- module image -->\n    <div  class=\"module module-image tb_d061655 rounded image-top  \">\n\t                <div class=\"image-wrap\">\n                            <img loading=\"lazy\" decoding=\"async\" src=\"http:\/\/dbcsolutionschina.com\/en\/wp-content\/uploads\/2015\/10\/2007-ingles-1712362.png\" width=\"200\" height=\"200\" title=\"NOSSA HIST\u00d3RIA\" alt=\"[2007] In\u00edcio da assessoria a clientes brasileiros na China\" \/>            \n                        <\/div>\n            <!-- \/image-wrap -->\n        \n                    <div class=\"image-content\">\n                \n\t\t                    <div class=\"image-caption tb_text_wrap\">\n                        [2007] In\u00edcio da assessoria a clientes brasileiros na China                <\/div>\n                <!-- \/image-caption -->\n                            <\/div>\n            <!-- \/image-content -->\n        \n        <\/div>\n    <!-- \/module image -->\n\t        <\/div>\n\t    \t<\/div>\n\t\t<div  class=\"module_column tb-column col4-1 second tb_2395_column module_column_1 module_column_2395-1-1 tb_nrl2658\">\n\t    \t    \t        <div class=\"tb-column-inner\">\n\t\t        <!-- module image -->\n    <div  class=\"module module-image tb_z05e040 rounded image-top  \">\n\t                <div class=\"image-wrap\">\n                            <img loading=\"lazy\" decoding=\"async\" src=\"http:\/\/dbcsolutionschina.com\/en\/wp-content\/uploads\/2015\/10\/historia-2008.jpg\" width=\"200\" height=\"200\" title=\"NOSSA HIST\u00d3RIA\" alt=\"[2008] In\u00edcio das exporta\u00e7\u00f5es para o Brasil\" \/>            \n                        <\/div>\n            <!-- \/image-wrap -->\n        \n                    <div class=\"image-content\">\n                \n\t\t                    <div class=\"image-caption tb_text_wrap\">\n                        [2008] In\u00edcio das exporta\u00e7\u00f5es para o Brasil                <\/div>\n                <!-- \/image-caption -->\n                            <\/div>\n            <!-- \/image-content -->\n        \n        <\/div>\n    <!-- \/module image -->\n\t        <\/div>\n\t    \t<\/div>\n\t\t<div  class=\"module_column tb-column col4-1 third tb_2395_column module_column_2 module_column_2395-1-2 tb_y90n202\">\n\t    \t    \t        <div class=\"tb-column-inner\">\n\t\t        <!-- module image -->\n    <div  class=\"module module-image tb_emny067 rounded image-top  \">\n\t                <div class=\"image-wrap\">\n                            <img loading=\"lazy\" decoding=\"async\" src=\"http:\/\/dbcsolutionschina.com\/en\/wp-content\/uploads\/2015\/10\/historia-2010.jpg\" width=\"200\" height=\"200\" title=\"NOSSA HIST\u00d3RIA\" alt=\"[2010] In\u00edcio de novas parcerias com empresas chinesas para abertura de novos mercados na Am\u00e9rica do Sul\" \/>            \n                        <\/div>\n            <!-- \/image-wrap -->\n        \n                    <div class=\"image-content\">\n                \n\t\t                    <div class=\"image-caption tb_text_wrap\">\n                        [2010] In\u00edcio de novas parcerias com empresas chinesas para abertura de novos mercados na Am\u00e9rica do Sul                <\/div>\n                <!-- \/image-caption -->\n                            <\/div>\n            <!-- \/image-content -->\n        \n        <\/div>\n    <!-- \/module image -->\n\t        <\/div>\n\t    \t<\/div>\n\t\t<div  class=\"module_column tb-column col4-1 last tb_2395_column module_column_3 module_column_2395-1-3 tb_930f006\">\n\t    \t    \t        <div class=\"tb-column-inner\">\n\t\t        <!-- module image -->\n    <div  class=\"module module-image tb_7kfu449 rounded image-top  \">\n\t                <div class=\"image-wrap\">\n                            <img loading=\"lazy\" decoding=\"async\" src=\"http:\/\/dbcsolutionschina.com\/en\/wp-content\/uploads\/2015\/10\/historia1.jpg\" width=\"200\" height=\"200\" title=\"NOSSA HIST\u00d3RIA\" alt=\"[2011] In\u00edcio de parceria com grandes empresas brasileiras e miss\u00f5es governamentais\" \/>            \n                        <\/div>\n            <!-- \/image-wrap -->\n        \n                    <div class=\"image-content\">\n                \n\t\t                    <div class=\"image-caption tb_text_wrap\">\n                        [2011] In\u00edcio de parceria com grandes empresas brasileiras e miss\u00f5es governamentais                <\/div>\n                <!-- \/image-caption -->\n                            <\/div>\n            <!-- \/image-content -->\n        \n        <\/div>\n    <!-- \/module image -->\n\t        <\/div>\n\t    \t<\/div>\n\t\t    <\/div>\n\t    <!-- \/row_inner -->\n\t<\/div>\n\t<!-- \/module_row -->\n\t\t<!-- module_row -->\n\t<div   class=\"themify_builder_row module_row clearfix module_row_2 themify_builder_2395_row module_row_2395-2 tb_nicc706\">\n\t    \t    <div class=\"row_inner col_align_top\" >\n\t\t\t<div  class=\"module_column tb-column col4-1 first tb_2395_column module_column_0 module_column_2395-2-0 tb_qqdh243\">\n\t    \t    \t        <div class=\"tb-column-inner\">\n\t\t        <!-- module image -->\n    <div  class=\"module module-image tb_5kr2470 rounded image-top  \">\n\t                <div class=\"image-wrap\">\n                            <img loading=\"lazy\" decoding=\"async\" src=\"http:\/\/dbcsolutionschina.com\/en\/wp-content\/uploads\/2015\/10\/endereco-anqing-690552.png\" width=\"200\" height=\"200\" title=\"NOSSA HIST\u00d3RIA\" alt=\"[2013] A DBC SOLUTIONS se estabelece como a primeira empresa de brasileiro a ter escrit\u00f3rio pr\u00f3prio na China\" \/>            \n                        <\/div>\n            <!-- \/image-wrap -->\n        \n                    <div class=\"image-content\">\n                \n\t\t                    <div class=\"image-caption tb_text_wrap\">\n                        [2013] A DBC SOLUTIONS se estabelece como a primeira empresa de brasileiro a ter escrit\u00f3rio pr\u00f3prio na China                <\/div>\n                <!-- \/image-caption -->\n                            <\/div>\n            <!-- \/image-content -->\n        \n        <\/div>\n    <!-- \/module image -->\n\t        <\/div>\n\t    \t<\/div>\n\t\t<div  class=\"module_column tb-column col4-1 second tb_2395_column module_column_1 module_column_2395-2-1 tb_k46b286\">\n\t    \t    \t        <div class=\"tb-column-inner\">\n\t\t        <!-- module image -->\n    <div  class=\"module module-image tb_jov1800 rounded image-top  \">\n\t                <div class=\"image-wrap\">\n                            <img loading=\"lazy\" decoding=\"async\" src=\"http:\/\/dbcsolutionschina.com\/en\/wp-content\/uploads\/2015\/10\/historia-2014.jpg\" width=\"200\" height=\"200\" title=\"NOSSA HIST\u00d3RIA\" alt=\"[2014] In\u00edcio das importa\u00e7\u00f5es para a China\" \/>            \n                        <\/div>\n            <!-- \/image-wrap -->\n        \n                    <div class=\"image-content\">\n                \n\t\t                    <div class=\"image-caption tb_text_wrap\">\n                        [2014] In\u00edcio das importa\u00e7\u00f5es para a China                <\/div>\n                <!-- \/image-caption -->\n                            <\/div>\n            <!-- \/image-content -->\n        \n        <\/div>\n    <!-- \/module image -->\n\t        <\/div>\n\t    \t<\/div>\n\t\t<div  class=\"module_column tb-column col4-1 third tb_2395_column module_column_2 module_column_2395-2-2 tb_u6dq728\">\n\t    \t    \t        <div class=\"tb-column-inner\">\n\t\t        <!-- module image -->\n    <div  class=\"module module-image tb_sx6n204 rounded image-top  \">\n\t                <div class=\"image-wrap\">\n                            <img loading=\"lazy\" decoding=\"async\" src=\"http:\/\/dbcsolutionschina.com\/en\/wp-content\/uploads\/2015\/10\/historia-2015.jpg\" width=\"200\" height=\"200\" title=\"NOSSA HIST\u00d3RIA\" alt=\"[2015] Inicia novas parcerias com governo local chin\u00eas para novos projetos de miss\u00f5es internacionais\" \/>            \n                        <\/div>\n            <!-- \/image-wrap -->\n        \n                    <div class=\"image-content\">\n                \n\t\t                    <div class=\"image-caption tb_text_wrap\">\n                        [2015] Inicia novas parcerias com governo local chin\u00eas para novos projetos de miss\u00f5es internacionais                <\/div>\n                <!-- \/image-caption -->\n                            <\/div>\n            <!-- \/image-content -->\n        \n        <\/div>\n    <!-- \/module image -->\n\t        <\/div>\n\t    \t<\/div>\n\t\t<div  class=\"module_column tb-column col4-1 last tb_2395_column module_column_3 module_column_2395-2-3 tb_xwr2626\">\n\t    \t    \t<\/div>\n\t\t    <\/div>\n\t    <!-- \/row_inner -->\n\t<\/div>\n\t<!-- \/module_row -->\n\t\t<!-- module_row -->\n\t<div  class=\"themify_builder_row module_row clearfix module_row_3 themify_builder_2395_row module_row_2395-3 tb_8q9i627\">\n\t    \t    <div class=\"row_inner col_align_top\" >\n\t\t\t<div  class=\"module_column tb-column col-full first tb_2395_column module_column_0 module_column_2395-3-0 tb_pi8s740\">\n\t    \t    \t        <div class=\"tb-column-inner\">\n\t\t    <!-- module text -->\n<div  class=\"module module-text tb_visk999    \">\n            <div  class=\"tb_text_wrap\">\n    <p>Para mais informa\u00e7\u00f5es sobre os projetos e servi\u00e7os oferecidos pela DBC SOLUTIONS favor entrar em contato:<br \/>E-mail :\u00a0<span style=\"color: #333399;\"><a class=\"linkified\" style=\"color: #333399!important;\" href=\"mailto:contato@dbcsolutionschina.com\" target=\"[object Object]\" rel=\"nofollow\">contato@dbcsolutionschina.com<\/a><\/span>\u00a0\/ WhatsApp : +86 183 5565 8175<\/p>    <\/div>\n<\/div>\n<!-- \/module text -->\n\t        <\/div>\n\t    \t<\/div>\n\t\t    <\/div>\n\t    <!-- \/row_inner -->\n\t<\/div>\n\t<!-- \/module_row -->\n\t<\/div>\n\n","protected":false},"excerpt":{"rendered":"<p>NOSSA HIST\u00d3RIA Com in\u00edcio de suas atividades na China em 2007, temos orgulho de ser pioneiros nesse mercado e ajudar diversas empresas a dar seu primeiro passo em suas nas negocia\u00e7\u00f5es, e algumas a ampliar seus neg\u00f3cios na China, na qual muitas est\u00e3o juntas at\u00e9 hoje com a DBC SOLUTIONS acompanhando e somando ao crescimento [&hellip;]<\/p>\n","protected":false},"author":1,"featured_media":0,"parent":2349,"menu_order":0,"comment_status":"closed","ping_status":"closed","template":"","meta":{"footnotes":""},"class_list":["post-2395","page","type-page","status-publish","hentry","has-post-title","has-post-date","has-post-category","has-post-tag","has-post-comment","has-post-author",""],"builder_content":"<h2>NOSSA HIST\u00d3RIA<\/h2><p style=\"text-align: justify;\">Com in\u00edcio de suas atividades na China em 2007, temos orgulho de ser pioneiros nesse mercado e ajudar diversas empresas a dar seu primeiro passo em suas nas negocia\u00e7\u00f5es, e algumas a ampliar seus neg\u00f3cios na China, na qual muitas est\u00e3o juntas at\u00e9 hoje com a DBC SOLUTIONS acompanhando e somando ao crescimento das empresas<\/p>\n<img loading=\"lazy\" decoding=\"async\" src=\"http:\/\/dbcsolutionschina.com\/en\/wp-content\/uploads\/2015\/10\/2007-ingles-1712362.png\" width=\"200\" height=\"200\" title=\"NOSSA HIST\u00d3RIA\" alt=\"[2007] In\u00edcio da assessoria a clientes brasileiros na China\" \/> [2007] In\u00edcio da assessoria a clientes brasileiros na China\n<img loading=\"lazy\" decoding=\"async\" src=\"http:\/\/dbcsolutionschina.com\/en\/wp-content\/uploads\/2015\/10\/historia-2008.jpg\" width=\"200\" height=\"200\" title=\"NOSSA HIST\u00d3RIA\" alt=\"[2008] In\u00edcio das exporta\u00e7\u00f5es para o Brasil\" \/> [2008] In\u00edcio das exporta\u00e7\u00f5es para o Brasil\n<img loading=\"lazy\" decoding=\"async\" src=\"http:\/\/dbcsolutionschina.com\/en\/wp-content\/uploads\/2015\/10\/historia-2010.jpg\" width=\"200\" height=\"200\" title=\"NOSSA HIST\u00d3RIA\" alt=\"[2010] In\u00edcio de novas parcerias com empresas chinesas para abertura de novos mercados na Am\u00e9rica do Sul\" \/> [2010] In\u00edcio de novas parcerias com empresas chinesas para abertura de novos mercados na Am\u00e9rica do Sul\n<img loading=\"lazy\" decoding=\"async\" src=\"http:\/\/dbcsolutionschina.com\/en\/wp-content\/uploads\/2015\/10\/historia1.jpg\" width=\"200\" height=\"200\" title=\"NOSSA HIST\u00d3RIA\" alt=\"[2011] In\u00edcio de parceria com grandes empresas brasileiras e miss\u00f5es governamentais\" \/> [2011] In\u00edcio de parceria com grandes empresas brasileiras e miss\u00f5es governamentais\n<img loading=\"lazy\" decoding=\"async\" src=\"http:\/\/dbcsolutionschina.com\/en\/wp-content\/uploads\/2015\/10\/endereco-anqing-690552.png\" width=\"200\" height=\"200\" title=\"NOSSA HIST\u00d3RIA\" alt=\"[2013] A DBC SOLUTIONS se estabelece como a primeira empresa de brasileiro a ter escrit\u00f3rio pr\u00f3prio na China\" \/> [2013] A DBC SOLUTIONS se estabelece como a primeira empresa de brasileiro a ter escrit\u00f3rio pr\u00f3prio na China\n<img loading=\"lazy\" decoding=\"async\" src=\"http:\/\/dbcsolutionschina.com\/en\/wp-content\/uploads\/2015\/10\/historia-2014.jpg\" width=\"200\" height=\"200\" title=\"NOSSA HIST\u00d3RIA\" alt=\"[2014] In\u00edcio das importa\u00e7\u00f5es para a China\" \/> [2014] In\u00edcio das importa\u00e7\u00f5es para a China\n<img loading=\"lazy\" decoding=\"async\" src=\"http:\/\/dbcsolutionschina.com\/en\/wp-content\/uploads\/2015\/10\/historia-2015.jpg\" width=\"200\" height=\"200\" title=\"NOSSA HIST\u00d3RIA\" alt=\"[2015] Inicia novas parcerias com governo local chin\u00eas para novos projetos de miss\u00f5es internacionais\" \/> [2015] Inicia novas parcerias com governo local chin\u00eas para novos projetos de miss\u00f5es internacionais\n<p>Para mais informa\u00e7\u00f5es sobre os projetos e servi\u00e7os oferecidos pela DBC SOLUTIONS favor entrar em contato:<br \/>E-mail :\u00a0<a style=\"color: #333399!important;\" href=\"mailto:contato@dbcsolutionschina.com\" target=\"[object Object]\" rel=\"nofollow\">contato@dbcsolutionschina.com<\/a>\u00a0\/ WhatsApp : +86 183 5565 8175<\/p>","_links":{"self":[{"href":"https:\/\/dbcsolutionschina.com\/pt\/wp-json\/wp\/v2\/pages\/2395","targetHints":{"allow":["GET"]}}],"collection":[{"href":"https:\/\/dbcsolutionschina.com\/pt\/wp-json\/wp\/v2\/pages"}],"about":[{"href":"https:\/\/dbcsolutionschina.com\/pt\/wp-json\/wp\/v2\/types\/page"}],"author":[{"embeddable":true,"href":"https:\/\/dbcsolutionschina.com\/pt\/wp-json\/wp\/v2\/users\/1"}],"replies":[{"embeddable":true,"href":"https:\/\/dbcsolutionschina.com\/pt\/wp-json\/wp\/v2\/comments?post=2395"}],"version-history":[{"count":16,"href":"https:\/\/dbcsolutionschina.com\/pt\/wp-json\/wp\/v2\/pages\/2395\/revisions"}],"predecessor-version":[{"id":2792,"href":"https:\/\/dbcsolutionschina.com\/pt\/wp-json\/wp\/v2\/pages\/2395\/revisions\/2792"}],"up":[{"embeddable":true,"href":"https:\/\/dbcsolutionschina.com\/pt\/wp-json\/wp\/v2\/pages\/2349"}],"wp:attachment":[{"href":"https:\/\/dbcsolutionschina.com\/pt\/wp-json\/wp\/v2\/media?parent=2395"}],"curies":[{"name":"wp","href":"https:\/\/api.w.org\/{rel}","templated":true}]}}