{"id":2398,"date":"2015-10-03T13:45:46","date_gmt":"2015-10-03T13:45:46","guid":{"rendered":"http:\/\/dbcsolutionschina.com\/en\/?page_id=2398"},"modified":"2022-11-08T22:39:15","modified_gmt":"2022-11-08T22:39:15","slug":"nosso-diferencial","status":"publish","type":"page","link":"https:\/\/dbcsolutionschina.com\/pt\/home\/empresa\/nosso-diferencial\/","title":{"rendered":"NOSSO DIFERENCIAL"},"content":{"rendered":"\n\n<div id=\"themify_builder_content-2398\" data-postid=\"2398\" class=\"themify_builder_content themify_builder_content-2398 themify_builder\">\n    \t<!-- module_row -->\n\t<div   class=\"themify_builder_row module_row clearfix module_row_0 themify_builder_2398_row module_row_2398-0 tb_oayq404\">\n\t    \t    <div class=\"row_inner col_align_top\" >\n\t\t\t<div  class=\"module_column tb-column col4-3 first tb_2398_column module_column_0 module_column_2398-0-0 tb_hujc904\">\n\t    \t    \t        <div class=\"tb-column-inner\">\n\t\t    <!-- module text -->\n<div  class=\"module module-text tb_8nu5039    \">\n            <div  class=\"tb_text_wrap\">\n    <h2 style=\"text-align: justify;\"><span style=\"color: #808080;\">NOSSO DIFERENCIAL<\/span><\/h2><p>A DBC SOLUTIONS est\u00e1 pronta para ser a principal e uma das melhores op\u00e7\u00f5es para empresas que buscam fazer neg\u00f3cios na China e na \u00c1sia:<\/p><ul><li>ESCRIT\u00d3RIO PR\u00d3PRIO<\/li><li>ESPECIALIZADO NO MERCADO BRASIL-CHINA<\/li><li>EQUIPE FORMADO POR BRASILEIROS E CHINESES FLUENTES NAS DUAS L\u00cdNGUAS<\/li><li>CONHECIMENTO CULTURAL, HIST\u00d3RICO E GEOGR\u00c1FICO DOS DOIS PA\u00cdSES<\/li><li>VASTA EXPERI\u00caNCIA EM GRANDES PROJETOS PARA GOVERNO DO BRASIL E CHINA<\/li><li>PROJETOS PERSONALIZADOS PARA CADA PERFIL DE CLIENTE<\/li><\/ul><p>VALORES<\/p><ul><li>PREZAR A LONGA PARCERIA COM OS CLIENTES<\/li><li>ESTAR SEMPRE EM BUSCA DE NOVAS OP\u00c7\u00d5ES E OPORTUNIDADES DE NEG\u00d3CIOS<\/li><li>EMPENHAR-NOS EM SUPERAR AS EXPECTATIVAS<\/li><li>SER O MELHOR NO SERVI\u00c7O QUE REALIZA<\/li><\/ul><p style=\"text-align: justify;\">Para mais informa\u00e7\u00f5es sobre os projetos e servi\u00e7os oferecidos pela DBC SOLUTIONS favor entrar em contato:<br \/>E-mail :\u00a0<span style=\"color: #333399;\"><a class=\"linkified\" style=\"color: #333399!important;\" href=\"mailto:contato@dbcsolutionschina.com\" target=\"[object Object]\" rel=\"nofollow\">contato@dbcsolutionschina.com<\/a><\/span>\u00a0\/ WhatsApp : +86 183 5565 8175<\/p>    <\/div>\n<\/div>\n<!-- \/module text -->\n\t        <\/div>\n\t    \t<\/div>\n\t\t<div  class=\"module_column tb-column col4-1 last tb_2398_column module_column_1 module_column_2398-0-1 tb_tuhl405\">\n\t    \t    \t<\/div>\n\t\t    <\/div>\n\t    <!-- \/row_inner -->\n\t<\/div>\n\t<!-- \/module_row -->\n\t<\/div>\n\n","protected":false},"excerpt":{"rendered":"<p>NOSSO DIFERENCIAL A DBC SOLUTIONS est\u00e1 pronta para ser a principal e uma das melhores op\u00e7\u00f5es para empresas que buscam fazer neg\u00f3cios na China e na \u00c1sia: ESCRIT\u00d3RIO PR\u00d3PRIO ESPECIALIZADO NO MERCADO BRASIL-CHINA EQUIPE FORMADO POR BRASILEIROS E CHINESES FLUENTES NAS DUAS L\u00cdNGUAS CONHECIMENTO CULTURAL, HIST\u00d3RICO E GEOGR\u00c1FICO DOS DOIS PA\u00cdSES VASTA EXPERI\u00caNCIA EM GRANDES [&hellip;]<\/p>\n","protected":false},"author":1,"featured_media":0,"parent":2349,"menu_order":0,"comment_status":"closed","ping_status":"closed","template":"","meta":{"footnotes":""},"class_list":["post-2398","page","type-page","status-publish","hentry","has-post-title","has-post-date","has-post-category","has-post-tag","has-post-comment","has-post-author",""],"builder_content":"<h2 style=\"text-align: justify;\">NOSSO DIFERENCIAL<\/h2><p>A DBC SOLUTIONS est\u00e1 pronta para ser a principal e uma das melhores op\u00e7\u00f5es para empresas que buscam fazer neg\u00f3cios na China e na \u00c1sia:<\/p><ul><li>ESCRIT\u00d3RIO PR\u00d3PRIO<\/li><li>ESPECIALIZADO NO MERCADO BRASIL-CHINA<\/li><li>EQUIPE FORMADO POR BRASILEIROS E CHINESES FLUENTES NAS DUAS L\u00cdNGUAS<\/li><li>CONHECIMENTO CULTURAL, HIST\u00d3RICO E GEOGR\u00c1FICO DOS DOIS PA\u00cdSES<\/li><li>VASTA EXPERI\u00caNCIA EM GRANDES PROJETOS PARA GOVERNO DO BRASIL E CHINA<\/li><li>PROJETOS PERSONALIZADOS PARA CADA PERFIL DE CLIENTE<\/li><\/ul><p>VALORES<\/p><ul><li>PREZAR A LONGA PARCERIA COM OS CLIENTES<\/li><li>ESTAR SEMPRE EM BUSCA DE NOVAS OP\u00c7\u00d5ES E OPORTUNIDADES DE NEG\u00d3CIOS<\/li><li>EMPENHAR-NOS EM SUPERAR AS EXPECTATIVAS<\/li><li>SER O MELHOR NO SERVI\u00c7O QUE REALIZA<\/li><\/ul><p style=\"text-align: justify;\">Para mais informa\u00e7\u00f5es sobre os projetos e servi\u00e7os oferecidos pela DBC SOLUTIONS favor entrar em contato:<br \/>E-mail :\u00a0<a style=\"color: #333399!important;\" href=\"mailto:contato@dbcsolutionschina.com\" target=\"[object Object]\" rel=\"nofollow\">contato@dbcsolutionschina.com<\/a>\u00a0\/ WhatsApp : +86 183 5565 8175<\/p>","_links":{"self":[{"href":"https:\/\/dbcsolutionschina.com\/pt\/wp-json\/wp\/v2\/pages\/2398","targetHints":{"allow":["GET"]}}],"collection":[{"href":"https:\/\/dbcsolutionschina.com\/pt\/wp-json\/wp\/v2\/pages"}],"about":[{"href":"https:\/\/dbcsolutionschina.com\/pt\/wp-json\/wp\/v2\/types\/page"}],"author":[{"embeddable":true,"href":"https:\/\/dbcsolutionschina.com\/pt\/wp-json\/wp\/v2\/users\/1"}],"replies":[{"embeddable":true,"href":"https:\/\/dbcsolutionschina.com\/pt\/wp-json\/wp\/v2\/comments?post=2398"}],"version-history":[{"count":12,"href":"https:\/\/dbcsolutionschina.com\/pt\/wp-json\/wp\/v2\/pages\/2398\/revisions"}],"predecessor-version":[{"id":2817,"href":"https:\/\/dbcsolutionschina.com\/pt\/wp-json\/wp\/v2\/pages\/2398\/revisions\/2817"}],"up":[{"embeddable":true,"href":"https:\/\/dbcsolutionschina.com\/pt\/wp-json\/wp\/v2\/pages\/2349"}],"wp:attachment":[{"href":"https:\/\/dbcsolutionschina.com\/pt\/wp-json\/wp\/v2\/media?parent=2398"}],"curies":[{"name":"wp","href":"https:\/\/api.w.org\/{rel}","templated":true}]}}