{"id":2405,"date":"2015-10-03T13:52:52","date_gmt":"2015-10-03T13:52:52","guid":{"rendered":"http:\/\/dbcsolutionschina.com\/en\/?page_id=2405"},"modified":"2022-11-08T22:24:53","modified_gmt":"2022-11-08T22:24:53","slug":"auditoria","status":"publish","type":"page","link":"https:\/\/dbcsolutionschina.com\/pt\/home\/servicos\/auditoria\/","title":{"rendered":"AUDITORIA"},"content":{"rendered":"<div id=\"themify_builder_content-2405\" data-postid=\"2405\" class=\"themify_builder_content themify_builder_content-2405 themify_builder\">\n    \t<!-- module_row -->\n\t<div   class=\"themify_builder_row module_row clearfix fullcover module_row_0 themify_builder_2405_row module_row_2405-0 tb_2w9e009\">\n\t    \t    <div class=\"row_inner col_align_top\" >\n\t\t\t<div  class=\"module_column tb-column col-full first tb_2405_column module_column_0 module_column_2405-0-0 tb_iccr738\">\n\t    \t    \t        <div class=\"tb-column-inner\">\n\t\t    <!-- module text -->\n<div  class=\"module module-text tb_qr71008    \">\n            <div  class=\"tb_text_wrap\">\n    <h2 style=\"text-align: justify;\"><span style=\"color: #333333;\">AUDITORIA<\/span><\/h2>\n<h3 style=\"text-align: justify;\">CONHE\u00c7A O FORNECEDOR SEM SAIR DO SEU ESCRIT\u00d3RIO<\/h3>\n<p>Achar um fornecedor na China \u00e9 muito f\u00e1cil, mas achar um bom fornecedor n\u00e3o \u00e9 tarefa simples.<br \/><br \/>Uma boa parte do que se encontra de informa\u00e7\u00e3o na internet dos fornecedores da China, nem sempre \u00e9 realidade. Muitas vezes essas empresas n\u00e3o s\u00e3o reais fornecedores, al\u00e9m de in\u00fameras delas n\u00e3o terem local f\u00edsico.<br \/><br \/>Para resolver esse problema e saber a real situa\u00e7\u00e3o de cada um deles, a DBC SOLUTIONS realiza auditoria completa nos fornecedores, onde verificamos desde o nome do propriet\u00e1rio, n\u00famero de funcion\u00e1rios, certificados, mercados atuantes, passando por todo o setor de mat\u00e9ria prima, produ\u00e7\u00e3o, maquin\u00e1rio ate o estoque e produto final.<br \/><br \/>No final entregaremos um relat\u00f3rio detalhado com fotos, e somente desta forma o cliente poder\u00e1 saber realmente de quem est\u00e1 comprando e se estar\u00e3o aptos para atender sua demanda.<br \/><br \/>VANTAGENS QUE A DBC SOLUTIONS OFERECE<\/p>\n<ul>\n<li>VISITA IN LOCO<\/li>\n<li>RELATORIO TOTALMENTE EM PORTUGU\u00caS<\/li>\n<li>VERIFICAC\u00c3O DE DOCUMENTOS DO FORNECEDOR<\/li>\n<li>MAIS DE 750 AUDITORIAS REALIZADAS<\/li>\n<\/ul>\n<p>Para mais informa\u00e7\u00f5es sobre os projetos e servi\u00e7os oferecidos pela DBC SOLUTIONS favor entrar em contato:<br \/>E-mail :\u00a0<span style=\"color: #333399;\"><a class=\"linkified\" style=\"color: #333399!important;\" href=\"mailto:contato@dbcsolutionschina.com\" target=\"[object Object]\" rel=\"nofollow\">contato@dbcsolutionschina.com<\/a><\/span>\u00a0\/ WhatsApp : +86 183 5565 8175<\/p>    <\/div>\n<\/div>\n<!-- \/module text -->\n\t        <\/div>\n\t    \t<\/div>\n\t\t    <\/div>\n\t    <!-- \/row_inner -->\n\t<\/div>\n\t<!-- \/module_row -->\n\t<\/div>\n\n","protected":false},"excerpt":{"rendered":"<p>AUDITORIA CONHE\u00c7A O FORNECEDOR SEM SAIR DO SEU ESCRIT\u00d3RIO Achar um fornecedor na China \u00e9 muito f\u00e1cil, mas achar um bom fornecedor n\u00e3o \u00e9 tarefa simples.Uma boa parte do que se encontra de informa\u00e7\u00e3o na internet dos fornecedores da China, nem sempre \u00e9 realidade. Muitas vezes essas empresas n\u00e3o s\u00e3o reais fornecedores, al\u00e9m de in\u00fameras [&hellip;]<\/p>\n","protected":false},"author":1,"featured_media":0,"parent":2351,"menu_order":0,"comment_status":"closed","ping_status":"closed","template":"","meta":{"footnotes":""},"class_list":["post-2405","page","type-page","status-publish","hentry","has-post-title","has-post-date","has-post-category","has-post-tag","has-post-comment","has-post-author",""],"builder_content":"<h2 style=\"text-align: justify;\">AUDITORIA<\/h2> <h3 style=\"text-align: justify;\">CONHE\u00c7A O FORNECEDOR SEM SAIR DO SEU ESCRIT\u00d3RIO<\/h3> <p>Achar um fornecedor na China \u00e9 muito f\u00e1cil, mas achar um bom fornecedor n\u00e3o \u00e9 tarefa simples.<br \/><br \/>Uma boa parte do que se encontra de informa\u00e7\u00e3o na internet dos fornecedores da China, nem sempre \u00e9 realidade. Muitas vezes essas empresas n\u00e3o s\u00e3o reais fornecedores, al\u00e9m de in\u00fameras delas n\u00e3o terem local f\u00edsico.<br \/><br \/>Para resolver esse problema e saber a real situa\u00e7\u00e3o de cada um deles, a DBC SOLUTIONS realiza auditoria completa nos fornecedores, onde verificamos desde o nome do propriet\u00e1rio, n\u00famero de funcion\u00e1rios, certificados, mercados atuantes, passando por todo o setor de mat\u00e9ria prima, produ\u00e7\u00e3o, maquin\u00e1rio ate o estoque e produto final.<br \/><br \/>No final entregaremos um relat\u00f3rio detalhado com fotos, e somente desta forma o cliente poder\u00e1 saber realmente de quem est\u00e1 comprando e se estar\u00e3o aptos para atender sua demanda.<br \/><br \/>VANTAGENS QUE A DBC SOLUTIONS OFERECE<\/p> <ul> <li>VISITA IN LOCO<\/li> <li>RELATORIO TOTALMENTE EM PORTUGU\u00caS<\/li> <li>VERIFICAC\u00c3O DE DOCUMENTOS DO FORNECEDOR<\/li> <li>MAIS DE 750 AUDITORIAS REALIZADAS<\/li> <\/ul> <p>Para mais informa\u00e7\u00f5es sobre os projetos e servi\u00e7os oferecidos pela DBC SOLUTIONS favor entrar em contato:<br \/>E-mail :\u00a0<a style=\"color: #333399!important;\" href=\"mailto:contato@dbcsolutionschina.com\" target=\"[object Object]\" rel=\"nofollow\">contato@dbcsolutionschina.com<\/a>\u00a0\/ WhatsApp : +86 183 5565 8175<\/p>","_links":{"self":[{"href":"https:\/\/dbcsolutionschina.com\/pt\/wp-json\/wp\/v2\/pages\/2405","targetHints":{"allow":["GET"]}}],"collection":[{"href":"https:\/\/dbcsolutionschina.com\/pt\/wp-json\/wp\/v2\/pages"}],"about":[{"href":"https:\/\/dbcsolutionschina.com\/pt\/wp-json\/wp\/v2\/types\/page"}],"author":[{"embeddable":true,"href":"https:\/\/dbcsolutionschina.com\/pt\/wp-json\/wp\/v2\/users\/1"}],"replies":[{"embeddable":true,"href":"https:\/\/dbcsolutionschina.com\/pt\/wp-json\/wp\/v2\/comments?post=2405"}],"version-history":[{"count":19,"href":"https:\/\/dbcsolutionschina.com\/pt\/wp-json\/wp\/v2\/pages\/2405\/revisions"}],"predecessor-version":[{"id":2782,"href":"https:\/\/dbcsolutionschina.com\/pt\/wp-json\/wp\/v2\/pages\/2405\/revisions\/2782"}],"up":[{"embeddable":true,"href":"https:\/\/dbcsolutionschina.com\/pt\/wp-json\/wp\/v2\/pages\/2351"}],"wp:attachment":[{"href":"https:\/\/dbcsolutionschina.com\/pt\/wp-json\/wp\/v2\/media?parent=2405"}],"curies":[{"name":"wp","href":"https:\/\/api.w.org\/{rel}","templated":true}]}}