{"id":2407,"date":"2015-10-03T13:53:13","date_gmt":"2015-10-03T13:53:13","guid":{"rendered":"http:\/\/dbcsolutionschina.com\/en\/?page_id=2407"},"modified":"2022-11-08T22:25:02","modified_gmt":"2022-11-08T22:25:02","slug":"consolidacao-de-cargas","status":"publish","type":"page","link":"https:\/\/dbcsolutionschina.com\/pt\/home\/servicos\/consolidacao-de-cargas\/","title":{"rendered":"CONSOLIDA\u00c7\u00c3O DE CARGAS"},"content":{"rendered":"<div id=\"themify_builder_content-2407\" data-postid=\"2407\" class=\"themify_builder_content themify_builder_content-2407 themify_builder\">\n    \t<!-- module_row -->\n\t<div   class=\"themify_builder_row module_row clearfix fullcover module_row_0 themify_builder_2407_row module_row_2407-0 tb_zslc040\">\n\t    \t    <div class=\"row_inner col_align_top\" >\n\t\t\t<div  class=\"module_column tb-column col-full first tb_2407_column module_column_0 module_column_2407-0-0 tb_r7qo441\">\n\t    \t    \t        <div class=\"tb-column-inner\">\n\t\t    <!-- module text -->\n<div  class=\"module module-text tb_76ck203    \">\n            <div  class=\"tb_text_wrap\">\n    <h2 style=\"text-align: justify;\">CONSOLIDA\u00c7\u00c3O DE CARGAS<\/h2>\n<h3>1, 2, 3, 10 fornecedores?<\/h3>\n<p>1, 2, 3, ou at\u00e9 mesmo 10 fornecedores? Em 1 s\u00f3 container? Sim, e poss\u00edvel, a DBC SOLUTIONS soluciona para voc\u00ea.<br \/><br \/>Proporcionamos todo o servi\u00e7o de consolida\u00e7\u00e3o de cargas, onde sua empresa poder\u00e1 comprar de v\u00e1rios fornecedores e embarcar em apenas 1 s\u00f3 container. <br \/><br \/>Possu\u00edmos e oferecemos aos nossos clientes toda a estrutura de galp\u00e3o e armazenagem para a realiza\u00e7\u00e3o deste servi\u00e7o.<\/p>\n<p>VANTAGENS QUE A DBC SOLUTIONS OFERECE<\/p>\n<ul>\n<li>GALP\u00c3O PARA ARMAZENAGEM<\/li>\n<li>APENAS UMA ROTA DE IMPORTA\u00c7\u00c3O<\/li>\n<li>REDU\u00c7\u00c3O DE CUSTOS COM TAXA BANC\u00c1RIA, PORTU\u00c1RIA E SERVI\u00c7OS DE DESPACHANTE<\/li>\n<li>CHECAGEM COMPLETA DOS DOCUMENTOS<\/li>\n<\/ul>\n<p>Para mais informa\u00e7\u00f5es sobre os projetos e servi\u00e7os oferecidos pela DBC SOLUTIONS favor entrar em contato:<br \/>E-mail :\u00a0<span style=\"color: #333399;\"><a class=\"linkified\" style=\"color: #333399!important;\" href=\"mailto:contato@dbcsolutionschina.com\" target=\"[object Object]\" rel=\"nofollow\">contato@dbcsolutionschina.com<\/a><\/span>\u00a0\/ WhatsApp : +86 183 5565 8175<\/p>    <\/div>\n<\/div>\n<!-- \/module text -->\n\t        <\/div>\n\t    \t<\/div>\n\t\t    <\/div>\n\t    <!-- \/row_inner -->\n\t<\/div>\n\t<!-- \/module_row -->\n\t<\/div>\n\n","protected":false},"excerpt":{"rendered":"<p>CONSOLIDA\u00c7\u00c3O DE CARGAS 1, 2, 3, 10 fornecedores? 1, 2, 3, ou at\u00e9 mesmo 10 fornecedores? Em 1 s\u00f3 container? Sim, e poss\u00edvel, a DBC SOLUTIONS soluciona para voc\u00ea. Proporcionamos todo o servi\u00e7o de consolida\u00e7\u00e3o de cargas, onde sua empresa poder\u00e1 comprar de v\u00e1rios fornecedores e embarcar em apenas 1 s\u00f3 container. Possu\u00edmos e oferecemos [&hellip;]<\/p>\n","protected":false},"author":1,"featured_media":0,"parent":2351,"menu_order":0,"comment_status":"closed","ping_status":"closed","template":"","meta":{"footnotes":""},"class_list":["post-2407","page","type-page","status-publish","hentry","has-post-title","has-post-date","has-post-category","has-post-tag","has-post-comment","has-post-author",""],"builder_content":"<h2 style=\"text-align: justify;\">CONSOLIDA\u00c7\u00c3O DE CARGAS<\/h2> <h3>1, 2, 3, 10 fornecedores?<\/h3> <p>1, 2, 3, ou at\u00e9 mesmo 10 fornecedores? Em 1 s\u00f3 container? Sim, e poss\u00edvel, a DBC SOLUTIONS soluciona para voc\u00ea.<br \/><br \/>Proporcionamos todo o servi\u00e7o de consolida\u00e7\u00e3o de cargas, onde sua empresa poder\u00e1 comprar de v\u00e1rios fornecedores e embarcar em apenas 1 s\u00f3 container. <br \/><br \/>Possu\u00edmos e oferecemos aos nossos clientes toda a estrutura de galp\u00e3o e armazenagem para a realiza\u00e7\u00e3o deste servi\u00e7o.<\/p> <p>VANTAGENS QUE A DBC SOLUTIONS OFERECE<\/p> <ul> <li>GALP\u00c3O PARA ARMAZENAGEM<\/li> <li>APENAS UMA ROTA DE IMPORTA\u00c7\u00c3O<\/li> <li>REDU\u00c7\u00c3O DE CUSTOS COM TAXA BANC\u00c1RIA, PORTU\u00c1RIA E SERVI\u00c7OS DE DESPACHANTE<\/li> <li>CHECAGEM COMPLETA DOS DOCUMENTOS<\/li> <\/ul> <p>Para mais informa\u00e7\u00f5es sobre os projetos e servi\u00e7os oferecidos pela DBC SOLUTIONS favor entrar em contato:<br \/>E-mail :\u00a0<a style=\"color: #333399!important;\" href=\"mailto:contato@dbcsolutionschina.com\" target=\"[object Object]\" rel=\"nofollow\">contato@dbcsolutionschina.com<\/a>\u00a0\/ WhatsApp : +86 183 5565 8175<\/p>","_links":{"self":[{"href":"https:\/\/dbcsolutionschina.com\/pt\/wp-json\/wp\/v2\/pages\/2407","targetHints":{"allow":["GET"]}}],"collection":[{"href":"https:\/\/dbcsolutionschina.com\/pt\/wp-json\/wp\/v2\/pages"}],"about":[{"href":"https:\/\/dbcsolutionschina.com\/pt\/wp-json\/wp\/v2\/types\/page"}],"author":[{"embeddable":true,"href":"https:\/\/dbcsolutionschina.com\/pt\/wp-json\/wp\/v2\/users\/1"}],"replies":[{"embeddable":true,"href":"https:\/\/dbcsolutionschina.com\/pt\/wp-json\/wp\/v2\/comments?post=2407"}],"version-history":[{"count":23,"href":"https:\/\/dbcsolutionschina.com\/pt\/wp-json\/wp\/v2\/pages\/2407\/revisions"}],"predecessor-version":[{"id":2785,"href":"https:\/\/dbcsolutionschina.com\/pt\/wp-json\/wp\/v2\/pages\/2407\/revisions\/2785"}],"up":[{"embeddable":true,"href":"https:\/\/dbcsolutionschina.com\/pt\/wp-json\/wp\/v2\/pages\/2351"}],"wp:attachment":[{"href":"https:\/\/dbcsolutionschina.com\/pt\/wp-json\/wp\/v2\/media?parent=2407"}],"curies":[{"name":"wp","href":"https:\/\/api.w.org\/{rel}","templated":true}]}}