{"id":2409,"date":"2015-10-03T13:53:34","date_gmt":"2015-10-03T13:53:34","guid":{"rendered":"http:\/\/dbcsolutionschina.com\/en\/?page_id=2409"},"modified":"2022-11-08T22:25:11","modified_gmt":"2022-11-08T22:25:11","slug":"qc-controle-de-qualidade","status":"publish","type":"page","link":"https:\/\/dbcsolutionschina.com\/pt\/home\/servicos\/qc-controle-de-qualidade\/","title":{"rendered":"QC CONTROLE DE QUALIDADE"},"content":{"rendered":"<div id=\"themify_builder_content-2409\" data-postid=\"2409\" class=\"themify_builder_content themify_builder_content-2409 themify_builder\">\n    \t<!-- module_row -->\n\t<div   class=\"themify_builder_row module_row clearfix fullcover module_row_0 themify_builder_2409_row module_row_2409-0 tb_c7cc800\">\n\t    \t    <div class=\"row_inner col_align_top\" >\n\t\t\t<div  class=\"module_column tb-column col-full first tb_2409_column module_column_0 module_column_2409-0-0 tb_5h6x520\">\n\t    \t    \t        <div class=\"tb-column-inner\">\n\t\t    <!-- module text -->\n<div  class=\"module module-text tb_dla2804    \">\n            <div  class=\"tb_text_wrap\">\n    <h2 style=\"text-align: justify;\">QC CONTROLE DE QUALIDADE<\/h2>\n<h3>GARANTIA DE RECEBER A MERCADORIA DESEJADA<\/h3>\n<p>A inspe\u00e7\u00e3o de qualidade durante o processo de fabrica\u00e7\u00e3o e antes do embarque garantir\u00e1 que n\u00e3o atrase seu embarque e que sua mercadoria chegue da forma desejada.<\/p>\n<p>Em um estudo realizado pela DBC SOLUTIONS, o custo de uma inspe\u00e7\u00e3o pr\u00e9-embarque em mais de 50% dos projetos desenvolvidos, n\u00e3o passam de 2% a 3% do valor FOB de compra.<br \/><br \/>Al\u00e9m do baixo custo deste servi\u00e7o, essa \u00e9 a \u00fanica forma de certificar que o produto est\u00e1 sendo enviado de forma correta, podendo evitar muitas surpresas quando receber o container.<\/p>\n<p><br \/>VANTAGENS OFERECIDAS PELA DBC SOLUTIONS<\/p>\n<ul>\n<li>INSPETORES ESPECIALIZADOS NO SEU PRODUTO<\/li>\n<li>RELAT\u00d3RIO TOTALMENTE EM PORTUGU\u00caS<\/li>\n<li>TESTES LABORATORIAIS<\/li>\n<li>MAIS DE 500 INSPE\u00c7\u00d5ES REALIZADAS<\/li>\n<\/ul>\n<p>Para mais informa\u00e7\u00f5es sobre os projetos e servi\u00e7os oferecidos pela DBC SOLUTIONS favor entrar em contato:<br \/>E-mail :\u00a0<span style=\"color: #333399;\"><a class=\"linkified\" style=\"color: #333399!important;\" href=\"mailto:contato@dbcsolutionschina.com\" target=\"[object Object]\" rel=\"nofollow\">contato@dbcsolutionschina.com<\/a><\/span>\u00a0\/ WhatsApp : +86 183 5565 8175<\/p>    <\/div>\n<\/div>\n<!-- \/module text -->\n\t        <\/div>\n\t    \t<\/div>\n\t\t    <\/div>\n\t    <!-- \/row_inner -->\n\t<\/div>\n\t<!-- \/module_row -->\n\t<\/div>\n\n","protected":false},"excerpt":{"rendered":"<p>QC CONTROLE DE QUALIDADE GARANTIA DE RECEBER A MERCADORIA DESEJADA A inspe\u00e7\u00e3o de qualidade durante o processo de fabrica\u00e7\u00e3o e antes do embarque garantir\u00e1 que n\u00e3o atrase seu embarque e que sua mercadoria chegue da forma desejada. Em um estudo realizado pela DBC SOLUTIONS, o custo de uma inspe\u00e7\u00e3o pr\u00e9-embarque em mais de 50% dos [&hellip;]<\/p>\n","protected":false},"author":1,"featured_media":0,"parent":2351,"menu_order":0,"comment_status":"closed","ping_status":"closed","template":"","meta":{"footnotes":""},"class_list":["post-2409","page","type-page","status-publish","hentry","has-post-title","has-post-date","has-post-category","has-post-tag","has-post-comment","has-post-author",""],"builder_content":"<h2 style=\"text-align: justify;\">QC CONTROLE DE QUALIDADE<\/h2> <h3>GARANTIA DE RECEBER A MERCADORIA DESEJADA<\/h3> <p>A inspe\u00e7\u00e3o de qualidade durante o processo de fabrica\u00e7\u00e3o e antes do embarque garantir\u00e1 que n\u00e3o atrase seu embarque e que sua mercadoria chegue da forma desejada.<\/p> <p>Em um estudo realizado pela DBC SOLUTIONS, o custo de uma inspe\u00e7\u00e3o pr\u00e9-embarque em mais de 50% dos projetos desenvolvidos, n\u00e3o passam de 2% a 3% do valor FOB de compra.<br \/><br \/>Al\u00e9m do baixo custo deste servi\u00e7o, essa \u00e9 a \u00fanica forma de certificar que o produto est\u00e1 sendo enviado de forma correta, podendo evitar muitas surpresas quando receber o container.<\/p> <p><br \/>VANTAGENS OFERECIDAS PELA DBC SOLUTIONS<\/p> <ul> <li>INSPETORES ESPECIALIZADOS NO SEU PRODUTO<\/li> <li>RELAT\u00d3RIO TOTALMENTE EM PORTUGU\u00caS<\/li> <li>TESTES LABORATORIAIS<\/li> <li>MAIS DE 500 INSPE\u00c7\u00d5ES REALIZADAS<\/li> <\/ul> <p>Para mais informa\u00e7\u00f5es sobre os projetos e servi\u00e7os oferecidos pela DBC SOLUTIONS favor entrar em contato:<br \/>E-mail :\u00a0<a style=\"color: #333399!important;\" href=\"mailto:contato@dbcsolutionschina.com\" target=\"[object Object]\" rel=\"nofollow\">contato@dbcsolutionschina.com<\/a>\u00a0\/ WhatsApp : +86 183 5565 8175<\/p>","_links":{"self":[{"href":"https:\/\/dbcsolutionschina.com\/pt\/wp-json\/wp\/v2\/pages\/2409","targetHints":{"allow":["GET"]}}],"collection":[{"href":"https:\/\/dbcsolutionschina.com\/pt\/wp-json\/wp\/v2\/pages"}],"about":[{"href":"https:\/\/dbcsolutionschina.com\/pt\/wp-json\/wp\/v2\/types\/page"}],"author":[{"embeddable":true,"href":"https:\/\/dbcsolutionschina.com\/pt\/wp-json\/wp\/v2\/users\/1"}],"replies":[{"embeddable":true,"href":"https:\/\/dbcsolutionschina.com\/pt\/wp-json\/wp\/v2\/comments?post=2409"}],"version-history":[{"count":11,"href":"https:\/\/dbcsolutionschina.com\/pt\/wp-json\/wp\/v2\/pages\/2409\/revisions"}],"predecessor-version":[{"id":2786,"href":"https:\/\/dbcsolutionschina.com\/pt\/wp-json\/wp\/v2\/pages\/2409\/revisions\/2786"}],"up":[{"embeddable":true,"href":"https:\/\/dbcsolutionschina.com\/pt\/wp-json\/wp\/v2\/pages\/2351"}],"wp:attachment":[{"href":"https:\/\/dbcsolutionschina.com\/pt\/wp-json\/wp\/v2\/media?parent=2409"}],"curies":[{"name":"wp","href":"https:\/\/api.w.org\/{rel}","templated":true}]}}