{"id":2411,"date":"2015-10-03T13:53:48","date_gmt":"2015-10-03T13:53:48","guid":{"rendered":"http:\/\/dbcsolutionschina.com\/en\/?page_id=2411"},"modified":"2022-11-08T22:33:45","modified_gmt":"2022-11-08T22:33:45","slug":"sourcing","status":"publish","type":"page","link":"https:\/\/dbcsolutionschina.com\/pt\/home\/servicos\/sourcing\/","title":{"rendered":"SOURCING"},"content":{"rendered":"<div id=\"themify_builder_content-2411\" data-postid=\"2411\" class=\"themify_builder_content themify_builder_content-2411 themify_builder\">\n    \t<!-- module_row -->\n\t<div   class=\"themify_builder_row module_row clearfix fullcover module_row_0 themify_builder_2411_row module_row_2411-0 tb_rboz310\">\n\t    \t    <div class=\"row_inner col_align_top\" >\n\t\t\t<div  class=\"module_column tb-column col-full first tb_2411_column module_column_0 module_column_2411-0-0 tb_4fpl144\">\n\t    \t    \t        <div class=\"tb-column-inner\">\n\t\t    <!-- module text -->\n<div  class=\"module module-text tb_1lwb046    \">\n            <div  class=\"tb_text_wrap\">\n    <h2><span style=\"color: #333333;\">SOURCING<\/span><\/h2>\n<h3>Buscamos seu fornecedor na China e na \u00c1sia<\/h3>\n<p>Uma boa prospec\u00e7\u00e3o pode ser a base de um bom e seguro neg\u00f3cio. A DBC SOLUTIONS oferece sua pr\u00f3pria metodologia para busca de novos fornecedores, agilizando o seu processo e trazendo mais seguran\u00e7a para sua compra, uma vez que esse trabalho pode ser muito complexo devido as diferen\u00e7as na lingua e costumes, e tamb\u00e9m a distancia.<\/p>\n<p>Nosso departamento de sourcing \u00e9 especializado no assunto, al\u00e9m de participar de grandes feiras na China e na \u00c1sia durante todo o ano, captando os melhores fornecedores locais.<\/p>\n<p><br \/>VANTAGENS QUE A DBC SOLUTIONS OFERECE<\/p>\n<ul>\n<li>DEPARTAMENTO ESPECIALIZADO EM SOURCING<\/li>\n<li>SOURCING DIRETO DA CHINA<\/li>\n<li>VASTO CONHECIMENTO EM COMUNICAC\u00c3O COM OS CHINESES<\/li>\n<li>FACILIDADE NO ENVIO DE AMOSTRA<\/li>\n<\/ul>\n<p>Para mais informa\u00e7\u00f5es sobre os projetos e servi\u00e7os oferecidos pela DBC SOLUTIONS favor entrar em contato:<br \/>E-mail :\u00a0<span style=\"color: #333399;\"><a class=\"linkified\" style=\"color: #333399!important;\" href=\"mailto:contato@dbcsolutionschina.com\" target=\"[object Object]\" rel=\"nofollow\">contato@dbcsolutionschina.com<\/a><\/span>\u00a0\/ WhatsApp : +86 183 5565 8175<\/p>    <\/div>\n<\/div>\n<!-- \/module text -->\n\t        <\/div>\n\t    \t<\/div>\n\t\t    <\/div>\n\t    <!-- \/row_inner -->\n\t<\/div>\n\t<!-- \/module_row -->\n\t<\/div>\n\n","protected":false},"excerpt":{"rendered":"<p>SOURCING Buscamos seu fornecedor na China e na \u00c1sia Uma boa prospec\u00e7\u00e3o pode ser a base de um bom e seguro neg\u00f3cio. A DBC SOLUTIONS oferece sua pr\u00f3pria metodologia para busca de novos fornecedores, agilizando o seu processo e trazendo mais seguran\u00e7a para sua compra, uma vez que esse trabalho pode ser muito complexo devido [&hellip;]<\/p>\n","protected":false},"author":1,"featured_media":0,"parent":2351,"menu_order":0,"comment_status":"closed","ping_status":"closed","template":"","meta":{"footnotes":""},"class_list":["post-2411","page","type-page","status-publish","hentry","has-post-title","has-post-date","has-post-category","has-post-tag","has-post-comment","has-post-author",""],"builder_content":"<h2>SOURCING<\/h2> <h3>Buscamos seu fornecedor na China e na \u00c1sia<\/h3> <p>Uma boa prospec\u00e7\u00e3o pode ser a base de um bom e seguro neg\u00f3cio. A DBC SOLUTIONS oferece sua pr\u00f3pria metodologia para busca de novos fornecedores, agilizando o seu processo e trazendo mais seguran\u00e7a para sua compra, uma vez que esse trabalho pode ser muito complexo devido as diferen\u00e7as na lingua e costumes, e tamb\u00e9m a distancia.<\/p> <p>Nosso departamento de sourcing \u00e9 especializado no assunto, al\u00e9m de participar de grandes feiras na China e na \u00c1sia durante todo o ano, captando os melhores fornecedores locais.<\/p> <p><br \/>VANTAGENS QUE A DBC SOLUTIONS OFERECE<\/p> <ul> <li>DEPARTAMENTO ESPECIALIZADO EM SOURCING<\/li> <li>SOURCING DIRETO DA CHINA<\/li> <li>VASTO CONHECIMENTO EM COMUNICAC\u00c3O COM OS CHINESES<\/li> <li>FACILIDADE NO ENVIO DE AMOSTRA<\/li> <\/ul> <p>Para mais informa\u00e7\u00f5es sobre os projetos e servi\u00e7os oferecidos pela DBC SOLUTIONS favor entrar em contato:<br \/>E-mail :\u00a0<a style=\"color: #333399!important;\" href=\"mailto:contato@dbcsolutionschina.com\" target=\"[object Object]\" rel=\"nofollow\">contato@dbcsolutionschina.com<\/a>\u00a0\/ WhatsApp : +86 183 5565 8175<\/p>","_links":{"self":[{"href":"https:\/\/dbcsolutionschina.com\/pt\/wp-json\/wp\/v2\/pages\/2411","targetHints":{"allow":["GET"]}}],"collection":[{"href":"https:\/\/dbcsolutionschina.com\/pt\/wp-json\/wp\/v2\/pages"}],"about":[{"href":"https:\/\/dbcsolutionschina.com\/pt\/wp-json\/wp\/v2\/types\/page"}],"author":[{"embeddable":true,"href":"https:\/\/dbcsolutionschina.com\/pt\/wp-json\/wp\/v2\/users\/1"}],"replies":[{"embeddable":true,"href":"https:\/\/dbcsolutionschina.com\/pt\/wp-json\/wp\/v2\/comments?post=2411"}],"version-history":[{"count":15,"href":"https:\/\/dbcsolutionschina.com\/pt\/wp-json\/wp\/v2\/pages\/2411\/revisions"}],"predecessor-version":[{"id":2812,"href":"https:\/\/dbcsolutionschina.com\/pt\/wp-json\/wp\/v2\/pages\/2411\/revisions\/2812"}],"up":[{"embeddable":true,"href":"https:\/\/dbcsolutionschina.com\/pt\/wp-json\/wp\/v2\/pages\/2351"}],"wp:attachment":[{"href":"https:\/\/dbcsolutionschina.com\/pt\/wp-json\/wp\/v2\/media?parent=2411"}],"curies":[{"name":"wp","href":"https:\/\/api.w.org\/{rel}","templated":true}]}}