{"id":2417,"date":"2015-10-03T13:55:27","date_gmt":"2015-10-03T13:55:27","guid":{"rendered":"http:\/\/dbcsolutionschina.com\/en\/?page_id=2417"},"modified":"2022-11-08T22:32:06","modified_gmt":"2022-11-08T22:32:06","slug":"interpretes","status":"publish","type":"page","link":"https:\/\/dbcsolutionschina.com\/pt\/home\/feiras-e-missoes\/interpretes\/","title":{"rendered":"INT\u00c9RPRETES"},"content":{"rendered":"\n\n<div id=\"themify_builder_content-2417\" data-postid=\"2417\" class=\"themify_builder_content themify_builder_content-2417 themify_builder\">\n    \t<!-- module_row -->\n\t<div   class=\"themify_builder_row module_row clearfix fullcover module_row_0 themify_builder_2417_row module_row_2417-0 tb_zy28177\">\n\t    \t    <div class=\"row_inner col_align_top\" >\n\t\t\t<div  class=\"module_column tb-column col-full first tb_2417_column module_column_0 module_column_2417-0-0 tb_f12y093\">\n\t    \t    \t        <div class=\"tb-column-inner\">\n\t\t    <!-- module text -->\n<div  class=\"module module-text tb_hwqk032    \">\n            <div  class=\"tb_text_wrap\">\n    <h2>INT\u00c9RPRETES<\/h2><h3>Um bom neg\u00f3cio come\u00e7a com uma boa comunica\u00e7\u00e3o<\/h3><p>Seu primeiro passo para o sucesso na China come\u00e7a com uma boa rela\u00e7\u00e3o com o fornecedor. Mas como se comunicar com uma cultura milenar? L\u00edngua Chinesa? Dialetos locais? Costumes? Comidas?<br \/>O que se dever ou n\u00e3o fazer? Reuni\u00e3o em restaurante, como se portar? Formas de apresenta\u00e7\u00e3o? Cumprimentos? \u00a0<\/p><p>A DBC SOLUTIONS disponibiliza uma equipe de brasileiros e chineses experientes no mercado chin\u00eas, pois sabemos que apenas dominar o idioma pode n\u00e3o ser o suficiente para alcan\u00e7ar o resultado desejado, por isso a equipe da DBC SOLUTIONS al\u00e9m de dominar as duas l\u00ednguas, o chin\u00eas e o portugu\u00eas, conta tamb\u00e9m com o conhecimento e vis\u00e3o geral dos dois pa\u00edses, estando assim preparados para poder assessorar em todos os seus passos na China, alcan\u00e7ando assim o melhor resultado para o cliente.<br \/>Para reuni\u00f5es, visitas, feiras e viagens consulte a DBC SOLUTIONS e obtenha os melhores resultados em sua viagem.<\/p><p><br \/>VANTAGENS QUE A DBC SOLUTIONS OFERECE<\/p><ul><li>INTERPRETES EXPERIENTES<\/li><li>FLUENTES EM PORTUGUES E CHINES<\/li><li>CONHECEDORES DOS DOIS PAISES E CULTURAS<\/li><li>RECEPCAO DE MAIS DE 500 EMPRESAS<\/li><\/ul><p>Para mais informa\u00e7\u00f5es sobre os projetos e servi\u00e7os oferecidos pela DBC SOLUTIONS favor entrar em contato:<br \/>E-mail :\u00a0<span style=\"color: #333399;\"><a class=\"linkified\" style=\"color: #333399!important;\" href=\"mailto:contato@dbcsolutionschina.com\" target=\"[object Object]\" rel=\"nofollow\">contato@dbcsolutionschina.com<\/a><\/span>\u00a0\/ WhatsApp : +86 183 5565 8175<\/p>    <\/div>\n<\/div>\n<!-- \/module text -->\n\t        <\/div>\n\t    \t<\/div>\n\t\t    <\/div>\n\t    <!-- \/row_inner -->\n\t<\/div>\n\t<!-- \/module_row -->\n\t<\/div>\n\n","protected":false},"excerpt":{"rendered":"<p>INT\u00c9RPRETES Um bom neg\u00f3cio come\u00e7a com uma boa comunica\u00e7\u00e3o Seu primeiro passo para o sucesso na China come\u00e7a com uma boa rela\u00e7\u00e3o com o fornecedor. Mas como se comunicar com uma cultura milenar? L\u00edngua Chinesa? Dialetos locais? Costumes? Comidas?O que se dever ou n\u00e3o fazer? Reuni\u00e3o em restaurante, como se portar? Formas de apresenta\u00e7\u00e3o? Cumprimentos? [&hellip;]<\/p>\n","protected":false},"author":1,"featured_media":0,"parent":2353,"menu_order":0,"comment_status":"closed","ping_status":"closed","template":"","meta":{"footnotes":""},"class_list":["post-2417","page","type-page","status-publish","hentry","has-post-title","has-post-date","has-post-category","has-post-tag","has-post-comment","has-post-author",""],"builder_content":"<h2>INT\u00c9RPRETES<\/h2><h3>Um bom neg\u00f3cio come\u00e7a com uma boa comunica\u00e7\u00e3o<\/h3><p>Seu primeiro passo para o sucesso na China come\u00e7a com uma boa rela\u00e7\u00e3o com o fornecedor. Mas como se comunicar com uma cultura milenar? L\u00edngua Chinesa? Dialetos locais? Costumes? Comidas?<br \/>O que se dever ou n\u00e3o fazer? Reuni\u00e3o em restaurante, como se portar? Formas de apresenta\u00e7\u00e3o? Cumprimentos? \u00a0<\/p><p>A DBC SOLUTIONS disponibiliza uma equipe de brasileiros e chineses experientes no mercado chin\u00eas, pois sabemos que apenas dominar o idioma pode n\u00e3o ser o suficiente para alcan\u00e7ar o resultado desejado, por isso a equipe da DBC SOLUTIONS al\u00e9m de dominar as duas l\u00ednguas, o chin\u00eas e o portugu\u00eas, conta tamb\u00e9m com o conhecimento e vis\u00e3o geral dos dois pa\u00edses, estando assim preparados para poder assessorar em todos os seus passos na China, alcan\u00e7ando assim o melhor resultado para o cliente.<br \/>Para reuni\u00f5es, visitas, feiras e viagens consulte a DBC SOLUTIONS e obtenha os melhores resultados em sua viagem.<\/p><p><br \/>VANTAGENS QUE A DBC SOLUTIONS OFERECE<\/p><ul><li>INTERPRETES EXPERIENTES<\/li><li>FLUENTES EM PORTUGUES E CHINES<\/li><li>CONHECEDORES DOS DOIS PAISES E CULTURAS<\/li><li>RECEPCAO DE MAIS DE 500 EMPRESAS<\/li><\/ul><p>Para mais informa\u00e7\u00f5es sobre os projetos e servi\u00e7os oferecidos pela DBC SOLUTIONS favor entrar em contato:<br \/>E-mail :\u00a0<a style=\"color: #333399!important;\" href=\"mailto:contato@dbcsolutionschina.com\" target=\"[object Object]\" rel=\"nofollow\">contato@dbcsolutionschina.com<\/a>\u00a0\/ WhatsApp : +86 183 5565 8175<\/p>","_links":{"self":[{"href":"https:\/\/dbcsolutionschina.com\/pt\/wp-json\/wp\/v2\/pages\/2417","targetHints":{"allow":["GET"]}}],"collection":[{"href":"https:\/\/dbcsolutionschina.com\/pt\/wp-json\/wp\/v2\/pages"}],"about":[{"href":"https:\/\/dbcsolutionschina.com\/pt\/wp-json\/wp\/v2\/types\/page"}],"author":[{"embeddable":true,"href":"https:\/\/dbcsolutionschina.com\/pt\/wp-json\/wp\/v2\/users\/1"}],"replies":[{"embeddable":true,"href":"https:\/\/dbcsolutionschina.com\/pt\/wp-json\/wp\/v2\/comments?post=2417"}],"version-history":[{"count":10,"href":"https:\/\/dbcsolutionschina.com\/pt\/wp-json\/wp\/v2\/pages\/2417\/revisions"}],"predecessor-version":[{"id":2803,"href":"https:\/\/dbcsolutionschina.com\/pt\/wp-json\/wp\/v2\/pages\/2417\/revisions\/2803"}],"up":[{"embeddable":true,"href":"https:\/\/dbcsolutionschina.com\/pt\/wp-json\/wp\/v2\/pages\/2353"}],"wp:attachment":[{"href":"https:\/\/dbcsolutionschina.com\/pt\/wp-json\/wp\/v2\/media?parent=2417"}],"curies":[{"name":"wp","href":"https:\/\/api.w.org\/{rel}","templated":true}]}}