{"id":2419,"date":"2015-10-03T13:56:04","date_gmt":"2015-10-03T13:56:04","guid":{"rendered":"http:\/\/dbcsolutionschina.com\/en\/?page_id=2419"},"modified":"2022-11-08T22:36:33","modified_gmt":"2022-11-08T22:36:33","slug":"feiras","status":"publish","type":"page","link":"https:\/\/dbcsolutionschina.com\/pt\/home\/feiras-e-missoes\/feiras\/","title":{"rendered":"FEIRAS"},"content":{"rendered":"<div id=\"themify_builder_content-2419\" data-postid=\"2419\" class=\"themify_builder_content themify_builder_content-2419 themify_builder\">\n    \t<!-- module_row -->\n\t<div   class=\"themify_builder_row module_row clearfix fullcover module_row_0 themify_builder_2419_row module_row_2419-0 tb_c9du855\">\n\t    \t    <div class=\"row_inner col_align_top\" >\n\t\t\t<div  class=\"module_column tb-column col-full first tb_2419_column module_column_0 module_column_2419-0-0 tb_nzl3370\">\n\t    \t    \t        <div class=\"tb-column-inner\">\n\t\t    <!-- module text -->\n<div  class=\"module module-text tb_mii2180    \">\n            <div  class=\"tb_text_wrap\">\n    <h2><span style=\"color: #333333;\">FEIRAS<\/span><\/h2>\n<h3>Um mundo de op\u00e7\u00f5es a ser descoberto, venha e descubra o seu!<\/h3>\n<p style=\"text-align: justify;\">A DBC SOLUTIONS oferece todo o suporte para a sua empresa poder participar em feiras na China de forma tranquila e organizada. <br \/><br \/>Desde sua chegada no aeroporto at\u00e9 o embarque de volta ao Brasil, todo o processo na China de consultoria, agendamento de visitas e reuni\u00f5es, int\u00e9rpretes e tradu\u00e7\u00e3o, hospedagem, reserva de passagens, passeio em dias de folga, e outros detalhes necess\u00e1rios, poder\u00e3o ser feitos pela DBC SOLUTIONS. <br \/><br \/>Sendo assim, os servi\u00e7os ficam todos a escolha do cliente, podendo montar um pacote personalizado somente com o necess\u00e1rio atingindo o melhor custo beneficio.<br \/><br \/>VANTAGENS QUE A DBC SOLUTIONS OFERECE<\/p>\n<ul>\n<li style=\"text-align: justify;\">EXPERIENCIA EM FEIRAS DE TODO PAIS E ASIA<\/li>\n<li style=\"text-align: justify;\">MAIS DE 18 PARTICIPACOES NA CANTON FAIR<\/li>\n<li style=\"text-align: justify;\">CONHECIMENTO NO PROCESSO DE IMPORTACAO<\/li>\n<li style=\"text-align: justify;\">ACOMPANHAMENTO DELEGACOES EMPRESARIAS E GOVERNAMENTAIS<\/li>\n<\/ul>\n<p>Para mais informa\u00e7\u00f5es sobre os projetos e servi\u00e7os oferecidos pela DBC SOLUTIONS favor entrar em contato:<br \/>E-mail :\u00a0<span style=\"color: #333399;\"><a class=\"linkified\" style=\"color: #333399!important;\" href=\"mailto:contato@dbcsolutionschina.com\" target=\"[object Object]\" rel=\"nofollow\">contato@dbcsolutionschina.com<\/a><\/span>\u00a0\/ WhatsApp : +86 183 5565 8175<\/p>    <\/div>\n<\/div>\n<!-- \/module text -->\n\t        <\/div>\n\t    \t<\/div>\n\t\t    <\/div>\n\t    <!-- \/row_inner -->\n\t<\/div>\n\t<!-- \/module_row -->\n\t<\/div>\n\n","protected":false},"excerpt":{"rendered":"<p>FEIRAS Um mundo de op\u00e7\u00f5es a ser descoberto, venha e descubra o seu! A DBC SOLUTIONS oferece todo o suporte para a sua empresa poder participar em feiras na China de forma tranquila e organizada. Desde sua chegada no aeroporto at\u00e9 o embarque de volta ao Brasil, todo o processo na China de consultoria, agendamento [&hellip;]<\/p>\n","protected":false},"author":1,"featured_media":0,"parent":2353,"menu_order":0,"comment_status":"closed","ping_status":"closed","template":"","meta":{"footnotes":""},"class_list":["post-2419","page","type-page","status-publish","hentry","has-post-title","has-post-date","has-post-category","has-post-tag","has-post-comment","has-post-author",""],"builder_content":"<h2>FEIRAS<\/h2> <h3>Um mundo de op\u00e7\u00f5es a ser descoberto, venha e descubra o seu!<\/h3> <p style=\"text-align: justify;\">A DBC SOLUTIONS oferece todo o suporte para a sua empresa poder participar em feiras na China de forma tranquila e organizada. <br \/><br \/>Desde sua chegada no aeroporto at\u00e9 o embarque de volta ao Brasil, todo o processo na China de consultoria, agendamento de visitas e reuni\u00f5es, int\u00e9rpretes e tradu\u00e7\u00e3o, hospedagem, reserva de passagens, passeio em dias de folga, e outros detalhes necess\u00e1rios, poder\u00e3o ser feitos pela DBC SOLUTIONS. <br \/><br \/>Sendo assim, os servi\u00e7os ficam todos a escolha do cliente, podendo montar um pacote personalizado somente com o necess\u00e1rio atingindo o melhor custo beneficio.<br \/><br \/>VANTAGENS QUE A DBC SOLUTIONS OFERECE<\/p> <ul> <li style=\"text-align: justify;\">EXPERIENCIA EM FEIRAS DE TODO PAIS E ASIA<\/li> <li style=\"text-align: justify;\">MAIS DE 18 PARTICIPACOES NA CANTON FAIR<\/li> <li style=\"text-align: justify;\">CONHECIMENTO NO PROCESSO DE IMPORTACAO<\/li> <li style=\"text-align: justify;\">ACOMPANHAMENTO DELEGACOES EMPRESARIAS E GOVERNAMENTAIS<\/li> <\/ul> <p>Para mais informa\u00e7\u00f5es sobre os projetos e servi\u00e7os oferecidos pela DBC SOLUTIONS favor entrar em contato:<br \/>E-mail :\u00a0<a style=\"color: #333399!important;\" href=\"mailto:contato@dbcsolutionschina.com\" target=\"[object Object]\" rel=\"nofollow\">contato@dbcsolutionschina.com<\/a>\u00a0\/ WhatsApp : +86 183 5565 8175<\/p>","_links":{"self":[{"href":"https:\/\/dbcsolutionschina.com\/pt\/wp-json\/wp\/v2\/pages\/2419","targetHints":{"allow":["GET"]}}],"collection":[{"href":"https:\/\/dbcsolutionschina.com\/pt\/wp-json\/wp\/v2\/pages"}],"about":[{"href":"https:\/\/dbcsolutionschina.com\/pt\/wp-json\/wp\/v2\/types\/page"}],"author":[{"embeddable":true,"href":"https:\/\/dbcsolutionschina.com\/pt\/wp-json\/wp\/v2\/users\/1"}],"replies":[{"embeddable":true,"href":"https:\/\/dbcsolutionschina.com\/pt\/wp-json\/wp\/v2\/comments?post=2419"}],"version-history":[{"count":11,"href":"https:\/\/dbcsolutionschina.com\/pt\/wp-json\/wp\/v2\/pages\/2419\/revisions"}],"predecessor-version":[{"id":2815,"href":"https:\/\/dbcsolutionschina.com\/pt\/wp-json\/wp\/v2\/pages\/2419\/revisions\/2815"}],"up":[{"embeddable":true,"href":"https:\/\/dbcsolutionschina.com\/pt\/wp-json\/wp\/v2\/pages\/2353"}],"wp:attachment":[{"href":"https:\/\/dbcsolutionschina.com\/pt\/wp-json\/wp\/v2\/media?parent=2419"}],"curies":[{"name":"wp","href":"https:\/\/api.w.org\/{rel}","templated":true}]}}