{"id":2421,"date":"2015-10-03T13:56:22","date_gmt":"2015-10-03T13:56:22","guid":{"rendered":"http:\/\/dbcsolutionschina.com\/en\/?page_id=2421"},"modified":"2022-11-08T22:32:24","modified_gmt":"2022-11-08T22:32:24","slug":"missoes","status":"publish","type":"page","link":"https:\/\/dbcsolutionschina.com\/pt\/home\/feiras-e-missoes\/missoes\/","title":{"rendered":"MISS\u00d5ES"},"content":{"rendered":"<div id=\"themify_builder_content-2421\" data-postid=\"2421\" class=\"themify_builder_content themify_builder_content-2421 themify_builder\">\n    \t<!-- module_row -->\n\t<div   class=\"themify_builder_row module_row clearfix fullcover module_row_0 themify_builder_2421_row module_row_2421-0 tb_swkj087\">\n\t    \t    <div class=\"row_inner col_align_top\" >\n\t\t\t<div  class=\"module_column tb-column col-full first tb_2421_column module_column_0 module_column_2421-0-0 tb_73ac674\">\n\t    \t    \t        <div class=\"tb-column-inner\">\n\t\t    <!-- module text -->\n<div  class=\"module module-text tb_x901070    \">\n            <div  class=\"tb_text_wrap\">\n    <h2 style=\"text-align: justify;\"><span style=\"color: #333333;\">MISS\u00d5ES<\/span><\/h2>\n<h3 style=\"text-align: justify;\">Um parceiro seguro na China<\/h3>\n<p style=\"text-align: justify;\">A DBC SOLUTIONS tamb\u00e9m t\u00eam desenvolvido e participado de diversos modos de miss\u00f5es empresariais e governamentais na China.<br \/><br \/>Em parceria com governos locais como das cidade de Anqing, Chuzhou e Huangshan, todos na prov\u00edncia de Anhui, a DBC SOLUTIONS desenvolve miss\u00f5es para quem deseja comprar e vender, e\/ou investir e procurar investidores na China.<\/p>\n<p style=\"text-align: justify;\">Promovemos plataforma para reuni\u00f5es, rodadas de neg\u00f3cios, visitas t\u00e9cnicas \u00e0 empresas e f\u00e1bricas, e participa\u00e7\u00f5es nas maiores e mais importantes feiras da China, a fim de estreitar rela\u00e7\u00f5es comerciais, isso tudo com todo o apoio do governo local.<br \/><br \/>VANTAGENS QUE A DBC SOLUTIONS OFERECE<\/p>\n<ul>\n<li style=\"text-align: justify;\">APOIO DO GOVERNO LOCAL<\/li>\n<li style=\"text-align: justify;\">ACOMPANHAMENTO EM MANDARIM<\/li>\n<li style=\"text-align: justify;\">CUIDAMOS DE TODA A LOGISTICA NA CHINA<\/li>\n<li style=\"text-align: justify;\">ASSESSORIA EM TODO O PROCESSO DE EXPORTA\u00c7\u00c3O P\u00d3S VISITA<\/li>\n<\/ul>\n<p>Para mais informa\u00e7\u00f5es sobre os projetos e servi\u00e7os oferecidos pela DBC SOLUTIONS favor entrar em contato:<br \/>E-mail :\u00a0<span style=\"color: #333399;\"><a class=\"linkified\" style=\"color: #333399!important;\" href=\"mailto:contato@dbcsolutionschina.com\" target=\"[object Object]\" rel=\"nofollow\">contato@dbcsolutionschina.com<\/a><\/span>\u00a0\/ WhatsApp : +86 183 5565 8175<\/p>    <\/div>\n<\/div>\n<!-- \/module text -->\n\t        <\/div>\n\t    \t<\/div>\n\t\t    <\/div>\n\t    <!-- \/row_inner -->\n\t<\/div>\n\t<!-- \/module_row -->\n\t<\/div>\n\n","protected":false},"excerpt":{"rendered":"<p>MISS\u00d5ES Um parceiro seguro na China A DBC SOLUTIONS tamb\u00e9m t\u00eam desenvolvido e participado de diversos modos de miss\u00f5es empresariais e governamentais na China. Em parceria com governos locais como das cidade de Anqing, Chuzhou e Huangshan, todos na prov\u00edncia de Anhui, a DBC SOLUTIONS desenvolve miss\u00f5es para quem deseja comprar e vender, e\/ou investir [&hellip;]<\/p>\n","protected":false},"author":1,"featured_media":0,"parent":2353,"menu_order":0,"comment_status":"closed","ping_status":"closed","template":"","meta":{"footnotes":""},"class_list":["post-2421","page","type-page","status-publish","hentry","has-post-title","has-post-date","has-post-category","has-post-tag","has-post-comment","has-post-author",""],"builder_content":"<h2 style=\"text-align: justify;\">MISS\u00d5ES<\/h2> <h3 style=\"text-align: justify;\">Um parceiro seguro na China<\/h3> <p style=\"text-align: justify;\">A DBC SOLUTIONS tamb\u00e9m t\u00eam desenvolvido e participado de diversos modos de miss\u00f5es empresariais e governamentais na China.<br \/><br \/>Em parceria com governos locais como das cidade de Anqing, Chuzhou e Huangshan, todos na prov\u00edncia de Anhui, a DBC SOLUTIONS desenvolve miss\u00f5es para quem deseja comprar e vender, e\/ou investir e procurar investidores na China.<\/p> <p style=\"text-align: justify;\">Promovemos plataforma para reuni\u00f5es, rodadas de neg\u00f3cios, visitas t\u00e9cnicas \u00e0 empresas e f\u00e1bricas, e participa\u00e7\u00f5es nas maiores e mais importantes feiras da China, a fim de estreitar rela\u00e7\u00f5es comerciais, isso tudo com todo o apoio do governo local.<br \/><br \/>VANTAGENS QUE A DBC SOLUTIONS OFERECE<\/p> <ul> <li style=\"text-align: justify;\">APOIO DO GOVERNO LOCAL<\/li> <li style=\"text-align: justify;\">ACOMPANHAMENTO EM MANDARIM<\/li> <li style=\"text-align: justify;\">CUIDAMOS DE TODA A LOGISTICA NA CHINA<\/li> <li style=\"text-align: justify;\">ASSESSORIA EM TODO O PROCESSO DE EXPORTA\u00c7\u00c3O P\u00d3S VISITA<\/li> <\/ul> <p>Para mais informa\u00e7\u00f5es sobre os projetos e servi\u00e7os oferecidos pela DBC SOLUTIONS favor entrar em contato:<br \/>E-mail :\u00a0<a style=\"color: #333399!important;\" href=\"mailto:contato@dbcsolutionschina.com\" target=\"[object Object]\" rel=\"nofollow\">contato@dbcsolutionschina.com<\/a>\u00a0\/ WhatsApp : +86 183 5565 8175<\/p>","_links":{"self":[{"href":"https:\/\/dbcsolutionschina.com\/pt\/wp-json\/wp\/v2\/pages\/2421","targetHints":{"allow":["GET"]}}],"collection":[{"href":"https:\/\/dbcsolutionschina.com\/pt\/wp-json\/wp\/v2\/pages"}],"about":[{"href":"https:\/\/dbcsolutionschina.com\/pt\/wp-json\/wp\/v2\/types\/page"}],"author":[{"embeddable":true,"href":"https:\/\/dbcsolutionschina.com\/pt\/wp-json\/wp\/v2\/users\/1"}],"replies":[{"embeddable":true,"href":"https:\/\/dbcsolutionschina.com\/pt\/wp-json\/wp\/v2\/comments?post=2421"}],"version-history":[{"count":14,"href":"https:\/\/dbcsolutionschina.com\/pt\/wp-json\/wp\/v2\/pages\/2421\/revisions"}],"predecessor-version":[{"id":2806,"href":"https:\/\/dbcsolutionschina.com\/pt\/wp-json\/wp\/v2\/pages\/2421\/revisions\/2806"}],"up":[{"embeddable":true,"href":"https:\/\/dbcsolutionschina.com\/pt\/wp-json\/wp\/v2\/pages\/2353"}],"wp:attachment":[{"href":"https:\/\/dbcsolutionschina.com\/pt\/wp-json\/wp\/v2\/media?parent=2421"}],"curies":[{"name":"wp","href":"https:\/\/api.w.org\/{rel}","templated":true}]}}