{"id":2424,"date":"2015-10-03T13:56:53","date_gmt":"2015-10-03T13:56:53","guid":{"rendered":"http:\/\/dbcsolutionschina.com\/en\/?page_id=2424"},"modified":"2022-11-08T22:32:41","modified_gmt":"2022-11-08T22:32:41","slug":"viagens","status":"publish","type":"page","link":"https:\/\/dbcsolutionschina.com\/pt\/home\/feiras-e-missoes\/viagens\/","title":{"rendered":"VIAGENS"},"content":{"rendered":"<div id=\"themify_builder_content-2424\" data-postid=\"2424\" class=\"themify_builder_content themify_builder_content-2424 themify_builder\">\n    \t<!-- module_row -->\n\t<div   class=\"themify_builder_row module_row clearfix fullcover module_row_0 themify_builder_2424_row module_row_2424-0 tb_68s6000\">\n\t    \t    <div class=\"row_inner col_align_top\" >\n\t\t\t<div  class=\"module_column tb-column col-full first tb_2424_column module_column_0 module_column_2424-0-0 tb_kve7055\">\n\t    \t    \t        <div class=\"tb-column-inner\">\n\t\t    <!-- module text -->\n<div  class=\"module module-text tb_1o86005    \">\n            <div  class=\"tb_text_wrap\">\n    <h2><span style=\"color: #333333;\">VIAGENS<\/span><\/h2>\n<h3>Que tal uma f\u00e9rias na China<\/h3>\n<p>A DBC SOLUTIONS leva voc\u00ea aos mais famosos e bonitos lugares da China. Em parcerias com ag\u00eancias locais podemos garantir o melhor pre\u00e7o com \u00f3timo atendimento, sem que se preocupe com nada, somente com a sua divers\u00e3o \u00e9 claro.<br \/><br \/>Em parceria com o governo da cidade e atrav\u00e9s de agentes locais de HuangShan, em Anhui, podemos lev\u00e1-los para a mais famosa e bela montanha da China, HuangShan, em ingl\u00eas Yellow Mountain.<br \/><br \/>Al\u00e9m disso, poder\u00e1 descobrir fant\u00e1sticos lugares hist\u00f3ricos e paisagens naturais da regi\u00e3o, onde j\u00e1 foram at\u00e9 gravados filme de Hollywood.<\/p>\n<p><br \/>VANTAGENS QUE A DBC SOLUTIONS OFERECE<\/p>\n<ul>\n<li>PARCERIAS COM GOVERNO E AGENTE LOCAIS<\/li>\n<li>PRE\u00c7OS DIFERENCIADOS<\/li>\n<li>PACOTE PERSONALIZADO<\/li>\n<li>INT\u00c9RPRETE EM PORTUGU\u00caS<\/li>\n<\/ul>\n<p>Para mais informa\u00e7\u00f5es sobre os projetos e servi\u00e7os oferecidos pela DBC SOLUTIONS favor entrar em contato:<br \/>E-mail :\u00a0<span style=\"color: #333399;\"><a class=\"linkified\" style=\"color: #333399!important;\" href=\"mailto:contato@dbcsolutionschina.com\" target=\"[object Object]\" rel=\"nofollow\">contato@dbcsolutionschina.com<\/a><\/span>\u00a0\/ WhatsApp : +86 183 5565 8175<\/p>    <\/div>\n<\/div>\n<!-- \/module text -->\n\t        <\/div>\n\t    \t<\/div>\n\t\t    <\/div>\n\t    <!-- \/row_inner -->\n\t<\/div>\n\t<!-- \/module_row -->\n\t<\/div>\n\n","protected":false},"excerpt":{"rendered":"<p>VIAGENS Que tal uma f\u00e9rias na China A DBC SOLUTIONS leva voc\u00ea aos mais famosos e bonitos lugares da China. Em parcerias com ag\u00eancias locais podemos garantir o melhor pre\u00e7o com \u00f3timo atendimento, sem que se preocupe com nada, somente com a sua divers\u00e3o \u00e9 claro. Em parceria com o governo da cidade e atrav\u00e9s [&hellip;]<\/p>\n","protected":false},"author":1,"featured_media":0,"parent":2353,"menu_order":0,"comment_status":"closed","ping_status":"closed","template":"","meta":{"footnotes":""},"class_list":["post-2424","page","type-page","status-publish","hentry","has-post-title","has-post-date","has-post-category","has-post-tag","has-post-comment","has-post-author",""],"builder_content":"<h2>VIAGENS<\/h2> <h3>Que tal uma f\u00e9rias na China<\/h3> <p>A DBC SOLUTIONS leva voc\u00ea aos mais famosos e bonitos lugares da China. Em parcerias com ag\u00eancias locais podemos garantir o melhor pre\u00e7o com \u00f3timo atendimento, sem que se preocupe com nada, somente com a sua divers\u00e3o \u00e9 claro.<br \/><br \/>Em parceria com o governo da cidade e atrav\u00e9s de agentes locais de HuangShan, em Anhui, podemos lev\u00e1-los para a mais famosa e bela montanha da China, HuangShan, em ingl\u00eas Yellow Mountain.<br \/><br \/>Al\u00e9m disso, poder\u00e1 descobrir fant\u00e1sticos lugares hist\u00f3ricos e paisagens naturais da regi\u00e3o, onde j\u00e1 foram at\u00e9 gravados filme de Hollywood.<\/p> <p><br \/>VANTAGENS QUE A DBC SOLUTIONS OFERECE<\/p> <ul> <li>PARCERIAS COM GOVERNO E AGENTE LOCAIS<\/li> <li>PRE\u00c7OS DIFERENCIADOS<\/li> <li>PACOTE PERSONALIZADO<\/li> <li>INT\u00c9RPRETE EM PORTUGU\u00caS<\/li> <\/ul> <p>Para mais informa\u00e7\u00f5es sobre os projetos e servi\u00e7os oferecidos pela DBC SOLUTIONS favor entrar em contato:<br \/>E-mail :\u00a0<a style=\"color: #333399!important;\" href=\"mailto:contato@dbcsolutionschina.com\" target=\"[object Object]\" rel=\"nofollow\">contato@dbcsolutionschina.com<\/a>\u00a0\/ WhatsApp : +86 183 5565 8175<\/p>","_links":{"self":[{"href":"https:\/\/dbcsolutionschina.com\/pt\/wp-json\/wp\/v2\/pages\/2424","targetHints":{"allow":["GET"]}}],"collection":[{"href":"https:\/\/dbcsolutionschina.com\/pt\/wp-json\/wp\/v2\/pages"}],"about":[{"href":"https:\/\/dbcsolutionschina.com\/pt\/wp-json\/wp\/v2\/types\/page"}],"author":[{"embeddable":true,"href":"https:\/\/dbcsolutionschina.com\/pt\/wp-json\/wp\/v2\/users\/1"}],"replies":[{"embeddable":true,"href":"https:\/\/dbcsolutionschina.com\/pt\/wp-json\/wp\/v2\/comments?post=2424"}],"version-history":[{"count":15,"href":"https:\/\/dbcsolutionschina.com\/pt\/wp-json\/wp\/v2\/pages\/2424\/revisions"}],"predecessor-version":[{"id":2809,"href":"https:\/\/dbcsolutionschina.com\/pt\/wp-json\/wp\/v2\/pages\/2424\/revisions\/2809"}],"up":[{"embeddable":true,"href":"https:\/\/dbcsolutionschina.com\/pt\/wp-json\/wp\/v2\/pages\/2353"}],"wp:attachment":[{"href":"https:\/\/dbcsolutionschina.com\/pt\/wp-json\/wp\/v2\/media?parent=2424"}],"curies":[{"name":"wp","href":"https:\/\/api.w.org\/{rel}","templated":true}]}}