{"id":2504,"date":"2015-10-09T01:23:13","date_gmt":"2015-10-09T01:23:13","guid":{"rendered":"http:\/\/dbcsolutionschina.com\/en\/?page_id=2504"},"modified":"2022-11-17T23:42:54","modified_gmt":"2022-11-17T23:42:54","slug":"exportacao","status":"publish","type":"page","link":"https:\/\/dbcsolutionschina.com\/pt\/exportacao\/","title":{"rendered":"EXPORTA\u00c7\u00c3O"},"content":{"rendered":"\n\n<div id=\"themify_builder_content-2504\" data-postid=\"2504\" class=\"themify_builder_content themify_builder_content-2504 themify_builder\">\n    \t<!-- module_row -->\n\t<div  class=\"themify_builder_row module_row clearfix module_row_0 themify_builder_2504_row module_row_2504-0 tb_7iq8005\">\n\t    \t    <div class=\"row_inner col_align_top\" >\n\t\t\t<div  class=\"module_column tb-column col-full first tb_2504_column module_column_0 module_column_2504-0-0 tb_r1o5535\">\n\t    \t    \t        <div class=\"tb-column-inner\">\n\t\t    <!-- module text -->\n<div  class=\"module module-text tb_rv1p600    \">\n            <div  class=\"tb_text_wrap\">\n    <h2 style=\"text-align: justify;\"><span style=\"color: #808080;\">EXPORTA\u00c7\u00c3O<\/span><\/h2><h3 style=\"text-align: justify;\">CONTE COM A DBC SOLUTIONS E FECHE OS MELHORES NEG\u00d3CIOS NA CHINA<\/h3><p style=\"text-align: justify;\">A DBC SOLUTIONS est\u00e1 estruturada e mant\u00e9m diversas pontes de neg\u00f3cios para oferecer a melhor forma para vender seu produto no mercado chin\u00eas. Atrav\u00e9s de estudo e pesquisa de mercado, participa\u00e7\u00f5es em reuni\u00f5es e rodadas de neg\u00f3cios, e feiras espec\u00edficas do segmento, podemos realizar diversos novos contatos e abrir novas portas de entrada do seu produto na China.<br \/><br \/>Em parceria com o governo de algumas cidades da prov\u00edncia de Anhui, podemos disponibilizar plataformas para reuni\u00f5es, rodada de neg\u00f3cios, participa\u00e7\u00f5es em feiras e eventos e visitas t\u00e9cnicas de poss\u00edveis compradores e distribuidores, tudo com o suporte do governo local, trazendo mais confiabilidade e seguran\u00e7a nas negocia\u00e7\u00f5es.<\/p><p>Para mais informa\u00e7\u00f5es sobre os projetos e servi\u00e7os oferecidos pela DBC SOLUTIONS favor entrar em contato:<br \/>E-mail :\u00a0<a class=\"linkified\" href=\"mailto:contato@dbcsolutionschina.com\" target=\"[object Object]\" rel=\"nofollow\">contato@dbcsolutionschina.com<\/a>\u00a0\/ WhatsApp : +86 183 5565 8175<\/p>    <\/div>\n<\/div>\n<!-- \/module text -->\n\t        <\/div>\n\t    \t<\/div>\n\t\t    <\/div>\n\t    <!-- \/row_inner -->\n\t<\/div>\n\t<!-- \/module_row -->\n\t<\/div>\n\n","protected":false},"excerpt":{"rendered":"<p>EXPORTA\u00c7\u00c3O CONTE COM A DBC SOLUTIONS E FECHE OS MELHORES NEG\u00d3CIOS NA CHINA A DBC SOLUTIONS est\u00e1 estruturada e mant\u00e9m diversas pontes de neg\u00f3cios para oferecer a melhor forma para vender seu produto no mercado chin\u00eas. Atrav\u00e9s de estudo e pesquisa de mercado, participa\u00e7\u00f5es em reuni\u00f5es e rodadas de neg\u00f3cios, e feiras espec\u00edficas do segmento, [&hellip;]<\/p>\n","protected":false},"author":1,"featured_media":0,"parent":0,"menu_order":0,"comment_status":"closed","ping_status":"closed","template":"","meta":{"footnotes":""},"class_list":["post-2504","page","type-page","status-publish","hentry","has-post-title","has-post-date","has-post-category","has-post-tag","has-post-comment","has-post-author",""],"builder_content":"<h2 style=\"text-align: justify;\">EXPORTA\u00c7\u00c3O<\/h2><h3 style=\"text-align: justify;\">CONTE COM A DBC SOLUTIONS E FECHE OS MELHORES NEG\u00d3CIOS NA CHINA<\/h3><p style=\"text-align: justify;\">A DBC SOLUTIONS est\u00e1 estruturada e mant\u00e9m diversas pontes de neg\u00f3cios para oferecer a melhor forma para vender seu produto no mercado chin\u00eas. Atrav\u00e9s de estudo e pesquisa de mercado, participa\u00e7\u00f5es em reuni\u00f5es e rodadas de neg\u00f3cios, e feiras espec\u00edficas do segmento, podemos realizar diversos novos contatos e abrir novas portas de entrada do seu produto na China.<br \/><br \/>Em parceria com o governo de algumas cidades da prov\u00edncia de Anhui, podemos disponibilizar plataformas para reuni\u00f5es, rodada de neg\u00f3cios, participa\u00e7\u00f5es em feiras e eventos e visitas t\u00e9cnicas de poss\u00edveis compradores e distribuidores, tudo com o suporte do governo local, trazendo mais confiabilidade e seguran\u00e7a nas negocia\u00e7\u00f5es.<\/p><p>Para mais informa\u00e7\u00f5es sobre os projetos e servi\u00e7os oferecidos pela DBC SOLUTIONS favor entrar em contato:<br \/>E-mail :\u00a0<a href=\"mailto:contato@dbcsolutionschina.com\" target=\"[object Object]\" rel=\"nofollow\">contato@dbcsolutionschina.com<\/a>\u00a0\/ WhatsApp : +86 183 5565 8175<\/p>","_links":{"self":[{"href":"https:\/\/dbcsolutionschina.com\/pt\/wp-json\/wp\/v2\/pages\/2504","targetHints":{"allow":["GET"]}}],"collection":[{"href":"https:\/\/dbcsolutionschina.com\/pt\/wp-json\/wp\/v2\/pages"}],"about":[{"href":"https:\/\/dbcsolutionschina.com\/pt\/wp-json\/wp\/v2\/types\/page"}],"author":[{"embeddable":true,"href":"https:\/\/dbcsolutionschina.com\/pt\/wp-json\/wp\/v2\/users\/1"}],"replies":[{"embeddable":true,"href":"https:\/\/dbcsolutionschina.com\/pt\/wp-json\/wp\/v2\/comments?post=2504"}],"version-history":[{"count":10,"href":"https:\/\/dbcsolutionschina.com\/pt\/wp-json\/wp\/v2\/pages\/2504\/revisions"}],"predecessor-version":[{"id":2836,"href":"https:\/\/dbcsolutionschina.com\/pt\/wp-json\/wp\/v2\/pages\/2504\/revisions\/2836"}],"wp:attachment":[{"href":"https:\/\/dbcsolutionschina.com\/pt\/wp-json\/wp\/v2\/media?parent=2504"}],"curies":[{"name":"wp","href":"https:\/\/api.w.org\/{rel}","templated":true}]}}