{"id":2506,"date":"2015-10-10T17:50:31","date_gmt":"2015-10-10T17:50:31","guid":{"rendered":"http:\/\/dbcsolutionschina.com\/en\/?page_id=2506"},"modified":"2022-10-27T23:19:24","modified_gmt":"2022-10-27T23:19:24","slug":"duvidas-frequentes","status":"publish","type":"page","link":"https:\/\/dbcsolutionschina.com\/pt\/home\/duvidas-frequentes\/","title":{"rendered":"D\u00daVIDAS FREQUENTES"},"content":{"rendered":"<div id=\"themify_builder_content-2506\" data-postid=\"2506\" class=\"themify_builder_content themify_builder_content-2506 themify_builder\">\n    \t<!-- module_row -->\n\t<div  class=\"themify_builder_row module_row clearfix module_row_0 themify_builder_2506_row module_row_2506-0 tb_r9jl090\">\n\t    \t    <div class=\"row_inner col_align_top\" >\n\t\t\t<div  class=\"module_column tb-column col-full  first tb_2506_column module_column_0 module_column_2506-0-0 tb_qudr222\">\n\t    \t    \t        <div class=\"tb-column-inner\">\n\t\t    <!-- module text -->\n<div  class=\"module module-text tb_4dww066    \">\n            <div  class=\"tb_text_wrap\">\n    <h2><span style=\"color: #808080;\">D\u00daVIDAS FREQUENTES &#8211; FAQ<\/span><\/h2><h4 style=\"text-align: justify;\"><span style=\"color: #333333;\">1 \u2013 O que preciso para importar com a DBC SOLUTIONS?<\/span><\/h4><p style=\"text-align: justify;\"><span style=\"color: #333333;\">O primeiro passo \u00e9 ter um radar para importa\u00e7\u00e3o. O radar \u00e9 um cadastro junto \u00e0 receita federal que permite uma empresa fazer importa\u00e7\u00e3o. Para isso \u00e9 necess\u00e1rio que o CNPJ da empresa esteja regularizado.<\/span><\/p><h4 style=\"text-align: justify;\"><span style=\"color: #333333;\">2 \u2013 Como tirar um radar de importa\u00e7\u00e3o?<\/span><\/h4><p style=\"text-align: justify;\"><span style=\"color: #333333;\">A DBC SOLUTIONS pode ajud\u00e1-lo em adquirir atrav\u00e9s de nossa empresa parceira no Brasil. Caso prefira, tamb\u00e9m pode procurar um profissional habilitado.<\/span><\/p><h4 style=\"text-align: justify;\"><span style=\"color: #333333;\">3 \u2013 Qual tipo de radar posso tirar?<\/span><\/h4><p style=\"text-align: justify;\"><span style=\"color: #333333;\">Existem 2 tipos o simplificado e o ordin\u00e1rio.<\/span><\/p><p style=\"text-align: justify;\"><span style=\"color: #333333;\">Simplificado pode importar at\u00e9 U$ 150 mil dol\u00e1res a cada 6 meses.<\/span><\/p><p style=\"text-align: justify;\"><span style=\"color: #333333;\">Ordin\u00e1rio n\u00e3o tem limite.<\/span><\/p><h4 style=\"text-align: justify;\"><span style=\"color: #333333;\">4 \u2013 Preciso importar em breve curto de tempo mas n\u00e3o tenho radar, como fazer?<\/span><\/h4><p style=\"text-align: justify;\"><span style=\"color: #333333;\">A DBC SOLUTIONS pode ajud\u00e1-lo a importar atrav\u00e9s de nossa importadora.<\/span><\/p><h4 style=\"text-align: justify;\"><span style=\"color: #333333;\">5 \u2013Como fazer uma remessa de valor?<\/span><\/h4><p style=\"text-align: justify;\"><span style=\"color: #333333;\">A remessa do valor \u00e9 feito atrav\u00e9s da Invoice enviada pelo exportador ao importador junto ao banco em que o importador tem conta aberta. Para maiores detalhes consulte o seu banco.<\/span><\/p><h4 style=\"text-align: justify;\"><span style=\"color: #333333;\">6 \u2013 O que \u00e9 uma Invoice?<\/span><\/h4><p style=\"text-align: justify;\"><span style=\"color: #333333;\">A Invoice \u00e9 uma fatura que cont\u00e9m todas as informa\u00e7\u00f5es do exportador, importador e da compra, para que o importador possa fazer a remessa do valor para o exterior. Normalmente \u00e9 feita na l\u00edngua inglesa ou na do pa\u00eds do importador, e tem que ser carimbada pelo exportador.<\/span><\/p><h4 style=\"text-align: justify;\"><span style=\"color: #333333;\">7 \u2013 O que seria INCOTERMS EXW FOB CIF CRF?<\/span><\/h4><p style=\"text-align: justify;\"><span style=\"color: #333333;\">O Incoterms determina os direitos e deveres do importador e exportador durante o processo relacionados a frete, seguro, movimenta\u00e7\u00e3o em terminais e documenta\u00e7\u00e3o.<\/span><\/p><p style=\"text-align: justify;\"><span style=\"color: #333333;\"><strong>EXW<\/strong> Ex Works \u2013 Neste caso toda a responsabilidade do frete \u00e9 do importador. O exportador tem apenas a responsabilidade de deixar pronta a mercadoria em seu estabelecimento. Toda a parte operacional de frete e custos de exporta\u00e7\u00e3o fica por conta do importador.<\/span><\/p><p style=\"text-align: justify;\"><span style=\"color: #333333;\"><strong>FOB<\/strong> Free on Board \u2013 O exportador entrega a carga j\u00e1 com a documenta\u00e7\u00e3o de exporta\u00e7\u00e3o pronta, e os custos de exporta\u00e7\u00e3o pagos no porto indicado pelo importador. Os custos de seguro, caso opte em fazer um, \u00e9 por conta do importador.<\/span><\/p><p style=\"text-align: justify;\"><span style=\"color: #333333;\"><strong>CIF<\/strong> Cost, Insurance and Freight \u2013 \u00c9 uma modalidade parecida com a CFR, mas o exportador \u00e9 respons\u00e1vel tamb\u00e9m pelo seguro. Sendo assim, o exportador entrega a mercadoria no porto de origem com frete e seguro pago.<\/span><\/p><p style=\"text-align: justify;\"><span style=\"color: #333333;\"><strong>CFR<\/strong> Cost and Freight \u2013 O exportador entrega a carga no porto de origem com o custo do frete j\u00e1 pago. Somente a responsabilidade de pagar o seguro fica por conta do importador.<\/span><\/p><h4 style=\"text-align: justify;\"><span style=\"color: #333333;\">8 \u2013 Quais as formas de pagamento que posso utilizar em uma importa\u00e7\u00e3o?<\/span><\/h4><p style=\"text-align: justify;\"><span style=\"color: #333333;\">Antecipado e \u00e0 prazo. O antecipado \u00e9 mais comum usar quando o fornecedor tem a mercadoria pronta,e\/ou curto prazo para entrega, onde paga-se 100% em uma s\u00f3 remessa. No outro modo, normalmente a forma de pagamento \u00e9 de 30% no fechamento do pedido e 70% antes do embarque. Mas \u00e9 claro, isso pode ser alterado dependendo da negocia\u00e7\u00e3o que fizer com o exportador.<\/span><\/p><h4 style=\"text-align: justify;\"><span style=\"color: #333333;\">9 \u2013 Quais os tipos de importa\u00e7\u00e3o que pode se fazer e suas diferen\u00e7as?<\/span><\/h4><p style=\"text-align: justify;\"><span style=\"color: #333333;\">Importa\u00e7\u00e3o por conta e ordem \u2013 A importa\u00e7\u00e3o por conta e ordem de terceiro \u00e9 um servi\u00e7o prestado por uma empresa importadora, a qual promove em seu nome, o despacho aduaneiro de importa\u00e7\u00e3o de mercadorias adquiridas por outra empresa, em raz\u00e3o de contrato previamente firmado que pode compreender ainda a presta\u00e7\u00e3o de outros servi\u00e7os relacionados com a transa\u00e7\u00e3o comercial, como a realiza\u00e7\u00e3o de cota\u00e7\u00e3o de pre\u00e7os e a intermedia\u00e7\u00e3o comercial (art. 1\u00ba da\u00a0<a style=\"color: #333333;\" href=\"http:\/\/www.receita.fazenda.gov.br\/Legislacao\/Ins\/2002\/in2252002.htm\">IN SRF n\u00ba 225\/02<\/a>\u00a0e art. 12, \u00a7 1\u00b0, I, da\u00a0<a style=\"color: #333333;\" href=\"http:\/\/www.receita.fazenda.gov.br\/Legislacao\/Ins\/2002\/in2472002.htm\">IN SRF n\u00ba 247\/02<\/a>).<\/span><\/p><p style=\"text-align: justify;\"><span style=\"color: #333333;\">Assim, na importa\u00e7\u00e3o por conta e ordem, embora a atua\u00e7\u00e3o da empresa importadora possa abranger desde a simples execu\u00e7\u00e3o do despacho de importa\u00e7\u00e3o at\u00e9 a intermedia\u00e7\u00e3o da negocia\u00e7\u00e3o no exterior, contrata\u00e7\u00e3o do transporte, seguro, entre outros, o\u00a0<strong>importador de fato \u00e9 a adquirente<\/strong>, a mandante da importa\u00e7\u00e3o, aquela que efetivamente faz vir a mercadoria de outro pa\u00eds, em raz\u00e3o da compra internacional; embora, nesse caso, o fa\u00e7a por via de interposta pessoa \u2013 a importadora por conta e ordem \u2013, que \u00e9 uma mera mandat\u00e1ria da adquirente.<\/span><\/p><p style=\"text-align: justify;\"><span style=\"color: #333333;\">A importa\u00e7\u00e3o por encomenda \u00e9 aquela em que uma empresa adquire mercadorias no exterior com recursos pr\u00f3prios e promove o seu\u00a0<strong>despacho aduaneiro de importa\u00e7\u00e3o<\/strong>, a fim de revend\u00ea-las, posteriormente, a uma empresa encomendante previamente determinada, em raz\u00e3o de contrato entre a importadora e a encomendante, cujo objeto deve compreender, pelo menos, o prazo ou as opera\u00e7\u00f5es pactuadas (art. 2\u00ba, \u00a7 1\u00ba, I, da\u00a0<a style=\"color: #333333;\" href=\"http:\/\/www.receita.fazenda.gov.br\/Legislacao\/Ins\/2006\/in6342006.htm\">IN SRF n\u00ba 634\/06<\/a>).<\/span><\/p><p style=\"text-align: justify;\"><span style=\"color: #333333;\">Assim, como na importa\u00e7\u00e3o por encomenda o importador adquire a mercadoria junto ao exportador no exterior, providencia sua nacionaliza\u00e7\u00e3o e a revende ao encomendante, tal opera\u00e7\u00e3o tem, para o importador contratado, os mesmos efeitos fiscais de uma importa\u00e7\u00e3o pr\u00f3pria.<\/span><\/p><p style=\"text-align: justify;\"><span style=\"color: #333333;\">Para maiores detalhes sobre os modos de importa\u00e7\u00e3o acesse o site <a style=\"color: #333333;\" href=\"http:\/\/www.receita.fazenda.gov.br\/Aduana\/Importacao.htm\">http:\/\/www.receita.fazenda.gov.br\/Aduana\/Importacao.htm<\/a><\/span><\/p><h4 style=\"text-align: justify;\"><span style=\"color: #333333;\">10 \u2013 Como classifico meu produto para saber os impostos?<\/span><\/h4><p style=\"text-align: justify;\"><span style=\"color: #333333;\">Cada produto tem seu pr\u00f3prio HS CODE e NCM. Atrav\u00e9s desses c\u00f3digos que n\u00f3s iremos coletar com o fornecedor, poderemos saber exatamente qual a classifica\u00e7\u00e3o fiscal de seu produto e os impostos.<\/span><\/p>    <\/div>\n<\/div>\n<!-- \/module text -->\n\t        <\/div>\n\t    \t<\/div>\n\t\t    <\/div>\n\t    <!-- \/row_inner -->\n\t<\/div>\n\t<!-- \/module_row -->\n\t<\/div>\n\n\n","protected":false},"excerpt":{"rendered":"<p>D\u00daVIDAS FREQUENTES &#8211; FAQ 1 \u2013 O que preciso para importar com a DBC SOLUTIONS? O primeiro passo \u00e9 ter um radar para importa\u00e7\u00e3o. O radar \u00e9 um cadastro junto \u00e0 receita federal que permite uma empresa fazer importa\u00e7\u00e3o. Para isso \u00e9 necess\u00e1rio que o CNPJ da empresa esteja regularizado. 2 \u2013 Como tirar um [&hellip;]<\/p>\n","protected":false},"author":1,"featured_media":0,"parent":2,"menu_order":0,"comment_status":"closed","ping_status":"closed","template":"","meta":{"footnotes":""},"class_list":["post-2506","page","type-page","status-publish","hentry","has-post-title","has-post-date","has-post-category","has-post-tag","has-post-comment","has-post-author",""],"builder_content":"<h2>D\u00daVIDAS FREQUENTES - FAQ<\/h2><h4 style=\"text-align: justify;\">1 \u2013 O que preciso para importar com a DBC SOLUTIONS?<\/h4><p style=\"text-align: justify;\">O primeiro passo \u00e9 ter um radar para importa\u00e7\u00e3o. O radar \u00e9 um cadastro junto \u00e0 receita federal que permite uma empresa fazer importa\u00e7\u00e3o. Para isso \u00e9 necess\u00e1rio que o CNPJ da empresa esteja regularizado.<\/p><h4 style=\"text-align: justify;\">2 \u2013 Como tirar um radar de importa\u00e7\u00e3o?<\/h4><p style=\"text-align: justify;\">A DBC SOLUTIONS pode ajud\u00e1-lo em adquirir atrav\u00e9s de nossa empresa parceira no Brasil. Caso prefira, tamb\u00e9m pode procurar um profissional habilitado.<\/p><h4 style=\"text-align: justify;\">3 \u2013 Qual tipo de radar posso tirar?<\/h4><p style=\"text-align: justify;\">Existem 2 tipos o simplificado e o ordin\u00e1rio.<\/p><p style=\"text-align: justify;\">Simplificado pode importar at\u00e9 U$ 150 mil dol\u00e1res a cada 6 meses.<\/p><p style=\"text-align: justify;\">Ordin\u00e1rio n\u00e3o tem limite.<\/p><h4 style=\"text-align: justify;\">4 \u2013 Preciso importar em breve curto de tempo mas n\u00e3o tenho radar, como fazer?<\/h4><p style=\"text-align: justify;\">A DBC SOLUTIONS pode ajud\u00e1-lo a importar atrav\u00e9s de nossa importadora.<\/p><h4 style=\"text-align: justify;\">5 \u2013Como fazer uma remessa de valor?<\/h4><p style=\"text-align: justify;\">A remessa do valor \u00e9 feito atrav\u00e9s da Invoice enviada pelo exportador ao importador junto ao banco em que o importador tem conta aberta. Para maiores detalhes consulte o seu banco.<\/p><h4 style=\"text-align: justify;\">6 \u2013 O que \u00e9 uma Invoice?<\/h4><p style=\"text-align: justify;\">A Invoice \u00e9 uma fatura que cont\u00e9m todas as informa\u00e7\u00f5es do exportador, importador e da compra, para que o importador possa fazer a remessa do valor para o exterior. Normalmente \u00e9 feita na l\u00edngua inglesa ou na do pa\u00eds do importador, e tem que ser carimbada pelo exportador.<\/p><h4 style=\"text-align: justify;\">7 \u2013 O que seria INCOTERMS EXW FOB CIF CRF?<\/h4><p style=\"text-align: justify;\">O Incoterms determina os direitos e deveres do importador e exportador durante o processo relacionados a frete, seguro, movimenta\u00e7\u00e3o em terminais e documenta\u00e7\u00e3o.<\/p><p style=\"text-align: justify;\"><strong>EXW<\/strong> Ex Works \u2013 Neste caso toda a responsabilidade do frete \u00e9 do importador. O exportador tem apenas a responsabilidade de deixar pronta a mercadoria em seu estabelecimento. Toda a parte operacional de frete e custos de exporta\u00e7\u00e3o fica por conta do importador.<\/p><p style=\"text-align: justify;\"><strong>FOB<\/strong> Free on Board \u2013 O exportador entrega a carga j\u00e1 com a documenta\u00e7\u00e3o de exporta\u00e7\u00e3o pronta, e os custos de exporta\u00e7\u00e3o pagos no porto indicado pelo importador. Os custos de seguro, caso opte em fazer um, \u00e9 por conta do importador.<\/p><p style=\"text-align: justify;\"><strong>CIF<\/strong> Cost, Insurance and Freight \u2013 \u00c9 uma modalidade parecida com a CFR, mas o exportador \u00e9 respons\u00e1vel tamb\u00e9m pelo seguro. Sendo assim, o exportador entrega a mercadoria no porto de origem com frete e seguro pago.<\/p><p style=\"text-align: justify;\"><strong>CFR<\/strong> Cost and Freight \u2013 O exportador entrega a carga no porto de origem com o custo do frete j\u00e1 pago. Somente a responsabilidade de pagar o seguro fica por conta do importador.<\/p><h4 style=\"text-align: justify;\">8 \u2013 Quais as formas de pagamento que posso utilizar em uma importa\u00e7\u00e3o?<\/h4><p style=\"text-align: justify;\">Antecipado e \u00e0 prazo. O antecipado \u00e9 mais comum usar quando o fornecedor tem a mercadoria pronta,e\/ou curto prazo para entrega, onde paga-se 100% em uma s\u00f3 remessa. No outro modo, normalmente a forma de pagamento \u00e9 de 30% no fechamento do pedido e 70% antes do embarque. Mas \u00e9 claro, isso pode ser alterado dependendo da negocia\u00e7\u00e3o que fizer com o exportador.<\/p><h4 style=\"text-align: justify;\">9 \u2013 Quais os tipos de importa\u00e7\u00e3o que pode se fazer e suas diferen\u00e7as?<\/h4><p style=\"text-align: justify;\">Importa\u00e7\u00e3o por conta e ordem \u2013 A importa\u00e7\u00e3o por conta e ordem de terceiro \u00e9 um servi\u00e7o prestado por uma empresa importadora, a qual promove em seu nome, o despacho aduaneiro de importa\u00e7\u00e3o de mercadorias adquiridas por outra empresa, em raz\u00e3o de contrato previamente firmado que pode compreender ainda a presta\u00e7\u00e3o de outros servi\u00e7os relacionados com a transa\u00e7\u00e3o comercial, como a realiza\u00e7\u00e3o de cota\u00e7\u00e3o de pre\u00e7os e a intermedia\u00e7\u00e3o comercial (art. 1\u00ba da\u00a0<a style=\"color: #333333;\" href=\"http:\/\/www.receita.fazenda.gov.br\/Legislacao\/Ins\/2002\/in2252002.htm\">IN SRF n\u00ba 225\/02<\/a>\u00a0e art. 12, \u00a7 1\u00b0, I, da\u00a0<a style=\"color: #333333;\" href=\"http:\/\/www.receita.fazenda.gov.br\/Legislacao\/Ins\/2002\/in2472002.htm\">IN SRF n\u00ba 247\/02<\/a>).<\/p><p style=\"text-align: justify;\">Assim, na importa\u00e7\u00e3o por conta e ordem, embora a atua\u00e7\u00e3o da empresa importadora possa abranger desde a simples execu\u00e7\u00e3o do despacho de importa\u00e7\u00e3o at\u00e9 a intermedia\u00e7\u00e3o da negocia\u00e7\u00e3o no exterior, contrata\u00e7\u00e3o do transporte, seguro, entre outros, o\u00a0<strong>importador de fato \u00e9 a adquirente<\/strong>, a mandante da importa\u00e7\u00e3o, aquela que efetivamente faz vir a mercadoria de outro pa\u00eds, em raz\u00e3o da compra internacional; embora, nesse caso, o fa\u00e7a por via de interposta pessoa \u2013 a importadora por conta e ordem \u2013, que \u00e9 uma mera mandat\u00e1ria da adquirente.<\/p><p style=\"text-align: justify;\">A importa\u00e7\u00e3o por encomenda \u00e9 aquela em que uma empresa adquire mercadorias no exterior com recursos pr\u00f3prios e promove o seu\u00a0<strong>despacho aduaneiro de importa\u00e7\u00e3o<\/strong>, a fim de revend\u00ea-las, posteriormente, a uma empresa encomendante previamente determinada, em raz\u00e3o de contrato entre a importadora e a encomendante, cujo objeto deve compreender, pelo menos, o prazo ou as opera\u00e7\u00f5es pactuadas (art. 2\u00ba, \u00a7 1\u00ba, I, da\u00a0<a style=\"color: #333333;\" href=\"http:\/\/www.receita.fazenda.gov.br\/Legislacao\/Ins\/2006\/in6342006.htm\">IN SRF n\u00ba 634\/06<\/a>).<\/p><p style=\"text-align: justify;\">Assim, como na importa\u00e7\u00e3o por encomenda o importador adquire a mercadoria junto ao exportador no exterior, providencia sua nacionaliza\u00e7\u00e3o e a revende ao encomendante, tal opera\u00e7\u00e3o tem, para o importador contratado, os mesmos efeitos fiscais de uma importa\u00e7\u00e3o pr\u00f3pria.<\/p><p style=\"text-align: justify;\">Para maiores detalhes sobre os modos de importa\u00e7\u00e3o acesse o site <a style=\"color: #333333;\" href=\"http:\/\/www.receita.fazenda.gov.br\/Aduana\/Importacao.htm\">http:\/\/www.receita.fazenda.gov.br\/Aduana\/Importacao.htm<\/a><\/p><h4 style=\"text-align: justify;\">10 \u2013 Como classifico meu produto para saber os impostos?<\/h4><p style=\"text-align: justify;\">Cada produto tem seu pr\u00f3prio HS CODE e NCM. Atrav\u00e9s desses c\u00f3digos que n\u00f3s iremos coletar com o fornecedor, poderemos saber exatamente qual a classifica\u00e7\u00e3o fiscal de seu produto e os impostos.<\/p>","_links":{"self":[{"href":"https:\/\/dbcsolutionschina.com\/pt\/wp-json\/wp\/v2\/pages\/2506","targetHints":{"allow":["GET"]}}],"collection":[{"href":"https:\/\/dbcsolutionschina.com\/pt\/wp-json\/wp\/v2\/pages"}],"about":[{"href":"https:\/\/dbcsolutionschina.com\/pt\/wp-json\/wp\/v2\/types\/page"}],"author":[{"embeddable":true,"href":"https:\/\/dbcsolutionschina.com\/pt\/wp-json\/wp\/v2\/users\/1"}],"replies":[{"embeddable":true,"href":"https:\/\/dbcsolutionschina.com\/pt\/wp-json\/wp\/v2\/comments?post=2506"}],"version-history":[{"count":4,"href":"https:\/\/dbcsolutionschina.com\/pt\/wp-json\/wp\/v2\/pages\/2506\/revisions"}],"predecessor-version":[{"id":2680,"href":"https:\/\/dbcsolutionschina.com\/pt\/wp-json\/wp\/v2\/pages\/2506\/revisions\/2680"}],"up":[{"embeddable":true,"href":"https:\/\/dbcsolutionschina.com\/pt\/wp-json\/wp\/v2\/pages\/2"}],"wp:attachment":[{"href":"https:\/\/dbcsolutionschina.com\/pt\/wp-json\/wp\/v2\/media?parent=2506"}],"curies":[{"name":"wp","href":"https:\/\/api.w.org\/{rel}","templated":true}]}}